{"id":362,"date":"2019-02-23T15:21:42","date_gmt":"2019-02-23T18:21:42","guid":{"rendered":"https:\/\/petropolisinspecao.com.br\/inspecaoveicular\/?page_id=362"},"modified":"2022-09-20T12:22:31","modified_gmt":"2022-09-20T15:22:31","slug":"novidades-e-promocoes","status":"publish","type":"page","link":"https:\/\/petropolisinspecao.com.br\/inspecaoveicular\/novidades-e-promocoes\/","title":{"rendered":"Novidades e Promo\u00e7\u00f5es"},"content":{"rendered":"<p><b>V\u00eddeo Institucional 15 anos &#8211; Conhe\u00e7a a Petr\u00f3polis Inspe\u00e7\u00e3o<\/b><strong>:<\/strong><\/p>\n<div style=\"width: 640px;\" class=\"wp-video\"><video class=\"wp-video-shortcode\" id=\"video-362-1\" width=\"640\" height=\"362\" preload=\"metadata\" controls=\"controls\"><source type=\"video\/mp4\" src=\"https:\/\/petropolisinspecao.com.br\/inspecaoveicular\/wp-content\/uploads\/2022\/02\/WhatsApp-Video-2022-02-09-at-14.58.04.mp4?_=1\" \/><a href=\"https:\/\/petropolisinspecao.com.br\/inspecaoveicular\/wp-content\/uploads\/2022\/02\/WhatsApp-Video-2022-02-09-at-14.58.04.mp4\">https:\/\/petropolisinspecao.com.br\/inspecaoveicular\/wp-content\/uploads\/2022\/02\/WhatsApp-Video-2022-02-09-at-14.58.04.mp4<\/a><\/video><\/div>\n<p>&nbsp;<\/p>\n<p><strong>Conhe\u00e7a os destaques e promo\u00e7\u00f5es*no <a href=\"https:\/\/www.instagram.com\/petropolisinspecaoveicular\/\">Instagram<\/a>:<\/strong><\/p>\n<hr \/>\n<div data-is data-is-access-token=\"11156972446.aeeff59.0ffb3766357542d5a8dc65c1c558375d\" data-is-columns=\"3\"><\/div>\n<hr \/>\n<p><strong>(*) Em caso de promo\u00e7\u00f5es, atente para a data de validade de cada promo\u00e7\u00e3o.<\/strong><\/p>\n<div class=\"su-image-carousel  su-image-carousel-columns-3 su-image-carousel-has-spacing su-image-carousel-crop su-image-carousel-crop-4-3 su-image-carousel-has-lightbox su-image-carousel-has-outline su-image-carousel-adaptive su-image-carousel-slides-style-default su-image-carousel-controls-style-dark su-image-carousel-align-none\" style=\"\" data-flickity-options='{\"groupCells\":true,\"cellSelector\":\".su-image-carousel-item\",\"adaptiveHeight\":false,\"cellAlign\":\"left\",\"prevNextButtons\":true,\"pageDots\":true,\"autoPlay\":5000,\"imagesLoaded\":true,\"contain\":true,\"selectedAttraction\":0.025000000000000001387778780781445675529539585113525390625,\"friction\":0.2800000000000000266453525910037569701671600341796875}' id=\"su_image_carousel_6a08f80ce76ff\"><div class=\"su-image-carousel-item\"><div class=\"su-image-carousel-item-content\"><a href=\"https:\/\/petropolisinspecao.com.br\/inspecaoveicular\/wp-content\/uploads\/2022\/09\/000.jpg\" target=\"_blank\" rel=\"noopener noreferrer\" data-caption=\"\" data-rel=\"lightbox-image-0\" data-rl_title=\"\" data-rl_caption=\"\" title=\"\"><img loading=\"lazy\" decoding=\"async\" width=\"640\" height=\"853\" src=\"https:\/\/petropolisinspecao.com.br\/inspecaoveicular\/wp-content\/uploads\/2022\/09\/000.jpg\" class=\"\" alt=\"PETR\u00d3POLIS INSPE\u00c7\u00c3O VEICULAR\" srcset=\"https:\/\/petropolisinspecao.com.br\/inspecaoveicular\/wp-content\/uploads\/2022\/09\/000.jpg 720w, https:\/\/petropolisinspecao.com.br\/inspecaoveicular\/wp-content\/uploads\/2022\/09\/000-225x300.jpg 225w, https:\/\/petropolisinspecao.com.br\/inspecaoveicular\/wp-content\/uploads\/2022\/09\/000-203x270.jpg 203w\" sizes=\"auto, (max-width: 640px) 100vw, 640px\" \/><\/a><\/div><\/div><div class=\"su-image-carousel-item\"><div class=\"su-image-carousel-item-content\"><a href=\"https:\/\/petropolisinspecao.com.br\/inspecaoveicular\/wp-content\/uploads\/2022\/09\/003.jpg\" target=\"_blank\" rel=\"noopener noreferrer\" data-caption=\"\" data-rel=\"lightbox-image-1\" data-rl_title=\"\" data-rl_caption=\"\" title=\"\"><img loading=\"lazy\" decoding=\"async\" width=\"640\" height=\"661\" src=\"https:\/\/petropolisinspecao.com.br\/inspecaoveicular\/wp-content\/uploads\/2022\/09\/003.jpg\" class=\"\" alt=\"PETR\u00d3POLIS INSPE\u00c7\u00c3O VEICULAR\" srcset=\"https:\/\/petropolisinspecao.com.br\/inspecaoveicular\/wp-content\/uploads\/2022\/09\/003.jpg 929w, https:\/\/petropolisinspecao.com.br\/inspecaoveicular\/wp-content\/uploads\/2022\/09\/003-290x300.jpg 290w, https:\/\/petropolisinspecao.com.br\/inspecaoveicular\/wp-content\/uploads\/2022\/09\/003-768x794.jpg 768w, https:\/\/petropolisinspecao.com.br\/inspecaoveicular\/wp-content\/uploads\/2022\/09\/003-261x270.jpg 261w\" sizes=\"auto, (max-width: 640px) 100vw, 640px\" \/><\/a><\/div><\/div><div class=\"su-image-carousel-item\"><div class=\"su-image-carousel-item-content\"><a href=\"https:\/\/petropolisinspecao.com.br\/inspecaoveicular\/wp-content\/uploads\/2022\/09\/0001.jpg\" target=\"_blank\" rel=\"noopener noreferrer\" data-caption=\"\" data-rel=\"lightbox-image-2\" data-rl_title=\"\" data-rl_caption=\"\" title=\"\"><img loading=\"lazy\" decoding=\"async\" width=\"640\" height=\"480\" src=\"https:\/\/petropolisinspecao.com.br\/inspecaoveicular\/wp-content\/uploads\/2022\/09\/0001.jpg\" class=\"\" alt=\"PETR\u00d3POLIS INSPE\u00c7\u00c3O VEICULAR\" srcset=\"https:\/\/petropolisinspecao.com.br\/inspecaoveicular\/wp-content\/uploads\/2022\/09\/0001.jpg 960w, https:\/\/petropolisinspecao.com.br\/inspecaoveicular\/wp-content\/uploads\/2022\/09\/0001-300x225.jpg 300w, https:\/\/petropolisinspecao.com.br\/inspecaoveicular\/wp-content\/uploads\/2022\/09\/0001-768x576.jpg 768w, https:\/\/petropolisinspecao.com.br\/inspecaoveicular\/wp-content\/uploads\/2022\/09\/0001-360x270.jpg 360w\" sizes=\"auto, (max-width: 640px) 100vw, 640px\" \/><\/a><\/div><\/div><div class=\"su-image-carousel-item\"><div class=\"su-image-carousel-item-content\"><a href=\"https:\/\/petropolisinspecao.com.br\/inspecaoveicular\/wp-content\/uploads\/2022\/09\/013.jpg\" target=\"_blank\" rel=\"noopener noreferrer\" data-caption=\"\" data-rel=\"lightbox-image-3\" data-rl_title=\"\" data-rl_caption=\"\" title=\"\"><img loading=\"lazy\" decoding=\"async\" width=\"640\" height=\"360\" src=\"https:\/\/petropolisinspecao.com.br\/inspecaoveicular\/wp-content\/uploads\/2022\/09\/013.jpg\" class=\"\" alt=\"\" srcset=\"https:\/\/petropolisinspecao.com.br\/inspecaoveicular\/wp-content\/uploads\/2022\/09\/013.jpg 960w, https:\/\/petropolisinspecao.com.br\/inspecaoveicular\/wp-content\/uploads\/2022\/09\/013-300x169.jpg 300w, https:\/\/petropolisinspecao.com.br\/inspecaoveicular\/wp-content\/uploads\/2022\/09\/013-768x432.jpg 768w, https:\/\/petropolisinspecao.com.br\/inspecaoveicular\/wp-content\/uploads\/2022\/09\/013-360x203.jpg 360w\" sizes=\"auto, (max-width: 640px) 100vw, 640px\" \/><\/a><\/div><\/div><div class=\"su-image-carousel-item\"><div class=\"su-image-carousel-item-content\"><a href=\"https:\/\/petropolisinspecao.com.br\/inspecaoveicular\/wp-content\/uploads\/2022\/09\/016.jpg\" target=\"_blank\" rel=\"noopener noreferrer\" data-caption=\"\" data-rel=\"lightbox-image-4\" data-rl_title=\"\" data-rl_caption=\"\" title=\"\"><img loading=\"lazy\" decoding=\"async\" width=\"640\" height=\"360\" src=\"https:\/\/petropolisinspecao.com.br\/inspecaoveicular\/wp-content\/uploads\/2022\/09\/016.jpg\" class=\"\" alt=\"\" srcset=\"https:\/\/petropolisinspecao.com.br\/inspecaoveicular\/wp-content\/uploads\/2022\/09\/016.jpg 960w, https:\/\/petropolisinspecao.com.br\/inspecaoveicular\/wp-content\/uploads\/2022\/09\/016-300x169.jpg 300w, https:\/\/petropolisinspecao.com.br\/inspecaoveicular\/wp-content\/uploads\/2022\/09\/016-768x432.jpg 768w, https:\/\/petropolisinspecao.com.br\/inspecaoveicular\/wp-content\/uploads\/2022\/09\/016-360x203.jpg 360w\" sizes=\"auto, (max-width: 640px) 100vw, 640px\" \/><\/a><\/div><\/div><div class=\"su-image-carousel-item\"><div class=\"su-image-carousel-item-content\"><a href=\"https:\/\/petropolisinspecao.com.br\/inspecaoveicular\/wp-content\/uploads\/2022\/09\/010.jpg\" target=\"_blank\" rel=\"noopener noreferrer\" data-caption=\"\" data-rel=\"lightbox-image-5\" data-rl_title=\"\" data-rl_caption=\"\" title=\"\"><img loading=\"lazy\" decoding=\"async\" width=\"640\" height=\"360\" src=\"https:\/\/petropolisinspecao.com.br\/inspecaoveicular\/wp-content\/uploads\/2022\/09\/010.jpg\" class=\"\" alt=\"\" srcset=\"https:\/\/petropolisinspecao.com.br\/inspecaoveicular\/wp-content\/uploads\/2022\/09\/010.jpg 960w, https:\/\/petropolisinspecao.com.br\/inspecaoveicular\/wp-content\/uploads\/2022\/09\/010-300x169.jpg 300w, https:\/\/petropolisinspecao.com.br\/inspecaoveicular\/wp-content\/uploads\/2022\/09\/010-768x432.jpg 768w, https:\/\/petropolisinspecao.com.br\/inspecaoveicular\/wp-content\/uploads\/2022\/09\/010-360x203.jpg 360w\" sizes=\"auto, (max-width: 640px) 100vw, 640px\" \/><\/a><\/div><\/div><div class=\"su-image-carousel-item\"><div class=\"su-image-carousel-item-content\"><a href=\"https:\/\/petropolisinspecao.com.br\/inspecaoveicular\/wp-content\/uploads\/2022\/09\/011.jpg\" target=\"_blank\" rel=\"noopener noreferrer\" data-caption=\"\" data-rel=\"lightbox-image-6\" data-rl_title=\"\" data-rl_caption=\"\" title=\"\"><img loading=\"lazy\" decoding=\"async\" width=\"640\" height=\"360\" src=\"https:\/\/petropolisinspecao.com.br\/inspecaoveicular\/wp-content\/uploads\/2022\/09\/011.jpg\" class=\"\" alt=\"\" srcset=\"https:\/\/petropolisinspecao.com.br\/inspecaoveicular\/wp-content\/uploads\/2022\/09\/011.jpg 960w, https:\/\/petropolisinspecao.com.br\/inspecaoveicular\/wp-content\/uploads\/2022\/09\/011-300x169.jpg 300w, https:\/\/petropolisinspecao.com.br\/inspecaoveicular\/wp-content\/uploads\/2022\/09\/011-768x432.jpg 768w, https:\/\/petropolisinspecao.com.br\/inspecaoveicular\/wp-content\/uploads\/2022\/09\/011-360x203.jpg 360w\" sizes=\"auto, (max-width: 640px) 100vw, 640px\" \/><\/a><\/div><\/div><div class=\"su-image-carousel-item\"><div class=\"su-image-carousel-item-content\"><a href=\"https:\/\/petropolisinspecao.com.br\/inspecaoveicular\/wp-content\/uploads\/2022\/09\/IMG-20220919-WA0008.jpg\" target=\"_blank\" rel=\"noopener noreferrer\" data-caption=\"\" data-rel=\"lightbox-image-7\" data-rl_title=\"\" data-rl_caption=\"\" title=\"\"><img loading=\"lazy\" decoding=\"async\" width=\"640\" height=\"939\" src=\"https:\/\/petropolisinspecao.com.br\/inspecaoveicular\/wp-content\/uploads\/2022\/09\/IMG-20220919-WA0008-698x1024.jpg\" class=\"\" alt=\"PETR\u00d3POLIS INSPE\u00c7\u00c3O VEICULAR\" srcset=\"https:\/\/petropolisinspecao.com.br\/inspecaoveicular\/wp-content\/uploads\/2022\/09\/IMG-20220919-WA0008-698x1024.jpg 698w, https:\/\/petropolisinspecao.com.br\/inspecaoveicular\/wp-content\/uploads\/2022\/09\/IMG-20220919-WA0008-205x300.jpg 205w, https:\/\/petropolisinspecao.com.br\/inspecaoveicular\/wp-content\/uploads\/2022\/09\/IMG-20220919-WA0008-184x270.jpg 184w, https:\/\/petropolisinspecao.com.br\/inspecaoveicular\/wp-content\/uploads\/2022\/09\/IMG-20220919-WA0008.jpg 739w\" sizes=\"auto, (max-width: 640px) 100vw, 640px\" \/><\/a><\/div><\/div><div class=\"su-image-carousel-item\"><div class=\"su-image-carousel-item-content\"><a href=\"https:\/\/petropolisinspecao.com.br\/inspecaoveicular\/wp-content\/uploads\/2022\/09\/IMG-20220917-WA0018.jpg\" target=\"_blank\" rel=\"noopener noreferrer\" data-caption=\"\" data-rel=\"lightbox-image-8\" data-rl_title=\"\" data-rl_caption=\"\" title=\"\"><img loading=\"lazy\" decoding=\"async\" width=\"640\" height=\"480\" src=\"https:\/\/petropolisinspecao.com.br\/inspecaoveicular\/wp-content\/uploads\/2022\/09\/IMG-20220917-WA0018-1024x768.jpg\" class=\"\" alt=\"PETR\u00d3POLIS INSPE\u00c7\u00c3O VEICULAR\" srcset=\"https:\/\/petropolisinspecao.com.br\/inspecaoveicular\/wp-content\/uploads\/2022\/09\/IMG-20220917-WA0018-1024x768.jpg 1024w, https:\/\/petropolisinspecao.com.br\/inspecaoveicular\/wp-content\/uploads\/2022\/09\/IMG-20220917-WA0018-300x225.jpg 300w, https:\/\/petropolisinspecao.com.br\/inspecaoveicular\/wp-content\/uploads\/2022\/09\/IMG-20220917-WA0018-768x576.jpg 768w, https:\/\/petropolisinspecao.com.br\/inspecaoveicular\/wp-content\/uploads\/2022\/09\/IMG-20220917-WA0018-1536x1152.jpg 1536w, https:\/\/petropolisinspecao.com.br\/inspecaoveicular\/wp-content\/uploads\/2022\/09\/IMG-20220917-WA0018-360x270.jpg 360w, https:\/\/petropolisinspecao.com.br\/inspecaoveicular\/wp-content\/uploads\/2022\/09\/IMG-20220917-WA0018.jpg 1600w\" sizes=\"auto, (max-width: 640px) 100vw, 640px\" \/><\/a><\/div><\/div><div class=\"su-image-carousel-item\"><div class=\"su-image-carousel-item-content\"><a href=\"https:\/\/petropolisinspecao.com.br\/inspecaoveicular\/wp-content\/uploads\/2022\/09\/IMG-20220916-WA0091.jpg\" target=\"_blank\" rel=\"noopener noreferrer\" data-caption=\"\" data-rel=\"lightbox-image-9\" data-rl_title=\"\" data-rl_caption=\"\" title=\"\"><img loading=\"lazy\" decoding=\"async\" width=\"640\" height=\"480\" src=\"https:\/\/petropolisinspecao.com.br\/inspecaoveicular\/wp-content\/uploads\/2022\/09\/IMG-20220916-WA0091-1024x768.jpg\" class=\"\" alt=\"PETR\u00d3POLIS INSPE\u00c7\u00c3O VEICULAR\" srcset=\"https:\/\/petropolisinspecao.com.br\/inspecaoveicular\/wp-content\/uploads\/2022\/09\/IMG-20220916-WA0091-1024x768.jpg 1024w, https:\/\/petropolisinspecao.com.br\/inspecaoveicular\/wp-content\/uploads\/2022\/09\/IMG-20220916-WA0091-300x225.jpg 300w, https:\/\/petropolisinspecao.com.br\/inspecaoveicular\/wp-content\/uploads\/2022\/09\/IMG-20220916-WA0091-768x576.jpg 768w, https:\/\/petropolisinspecao.com.br\/inspecaoveicular\/wp-content\/uploads\/2022\/09\/IMG-20220916-WA0091-360x270.jpg 360w, https:\/\/petropolisinspecao.com.br\/inspecaoveicular\/wp-content\/uploads\/2022\/09\/IMG-20220916-WA0091.jpg 1280w\" sizes=\"auto, (max-width: 640px) 100vw, 640px\" \/><\/a><\/div><\/div><div class=\"su-image-carousel-item\"><div class=\"su-image-carousel-item-content\"><a href=\"https:\/\/petropolisinspecao.com.br\/inspecaoveicular\/wp-content\/uploads\/2022\/09\/IMG-20220917-WA0010.jpg\" target=\"_blank\" rel=\"noopener noreferrer\" data-caption=\"\" data-rel=\"lightbox-image-10\" data-rl_title=\"\" data-rl_caption=\"\" title=\"\"><img loading=\"lazy\" decoding=\"async\" width=\"640\" height=\"480\" src=\"https:\/\/petropolisinspecao.com.br\/inspecaoveicular\/wp-content\/uploads\/2022\/09\/IMG-20220917-WA0010-1024x768.jpg\" class=\"\" alt=\"PETR\u00d3POLIS INSPE\u00c7\u00c3O VEICULAR\" srcset=\"https:\/\/petropolisinspecao.com.br\/inspecaoveicular\/wp-content\/uploads\/2022\/09\/IMG-20220917-WA0010-1024x768.jpg 1024w, https:\/\/petropolisinspecao.com.br\/inspecaoveicular\/wp-content\/uploads\/2022\/09\/IMG-20220917-WA0010-300x225.jpg 300w, https:\/\/petropolisinspecao.com.br\/inspecaoveicular\/wp-content\/uploads\/2022\/09\/IMG-20220917-WA0010-768x576.jpg 768w, https:\/\/petropolisinspecao.com.br\/inspecaoveicular\/wp-content\/uploads\/2022\/09\/IMG-20220917-WA0010-360x270.jpg 360w, https:\/\/petropolisinspecao.com.br\/inspecaoveicular\/wp-content\/uploads\/2022\/09\/IMG-20220917-WA0010.jpg 1280w\" sizes=\"auto, (max-width: 640px) 100vw, 640px\" \/><\/a><\/div><\/div><div class=\"su-image-carousel-item\"><div class=\"su-image-carousel-item-content\"><a href=\"https:\/\/petropolisinspecao.com.br\/inspecaoveicular\/wp-content\/uploads\/2022\/09\/IMG-20220916-WA0113.jpg\" target=\"_blank\" rel=\"noopener noreferrer\" data-caption=\"\" data-rel=\"lightbox-image-11\" data-rl_title=\"\" data-rl_caption=\"\" title=\"\"><img loading=\"lazy\" decoding=\"async\" width=\"640\" height=\"640\" src=\"https:\/\/petropolisinspecao.com.br\/inspecaoveicular\/wp-content\/uploads\/2022\/09\/IMG-20220916-WA0113-1024x1024.jpg\" class=\"\" alt=\"PETR\u00d3POLIS INSPE\u00c7\u00c3O VEICULAR\" srcset=\"https:\/\/petropolisinspecao.com.br\/inspecaoveicular\/wp-content\/uploads\/2022\/09\/IMG-20220916-WA0113-1024x1024.jpg 1024w, https:\/\/petropolisinspecao.com.br\/inspecaoveicular\/wp-content\/uploads\/2022\/09\/IMG-20220916-WA0113-300x300.jpg 300w, https:\/\/petropolisinspecao.com.br\/inspecaoveicular\/wp-content\/uploads\/2022\/09\/IMG-20220916-WA0113-150x150.jpg 150w, https:\/\/petropolisinspecao.com.br\/inspecaoveicular\/wp-content\/uploads\/2022\/09\/IMG-20220916-WA0113-768x768.jpg 768w, https:\/\/petropolisinspecao.com.br\/inspecaoveicular\/wp-content\/uploads\/2022\/09\/IMG-20220916-WA0113-1536x1536.jpg 1536w, https:\/\/petropolisinspecao.com.br\/inspecaoveicular\/wp-content\/uploads\/2022\/09\/IMG-20220916-WA0113-270x270.jpg 270w, https:\/\/petropolisinspecao.com.br\/inspecaoveicular\/wp-content\/uploads\/2022\/09\/IMG-20220916-WA0113.jpg 1600w\" sizes=\"auto, (max-width: 640px) 100vw, 640px\" \/><\/a><\/div><\/div><div class=\"su-image-carousel-item\"><div class=\"su-image-carousel-item-content\"><a href=\"https:\/\/petropolisinspecao.com.br\/inspecaoveicular\/wp-content\/uploads\/2022\/09\/001.jpg\" target=\"_blank\" rel=\"noopener noreferrer\" data-caption=\"\" data-rel=\"lightbox-image-12\" data-rl_title=\"\" data-rl_caption=\"\" title=\"\"><img loading=\"lazy\" decoding=\"async\" width=\"640\" height=\"480\" src=\"https:\/\/petropolisinspecao.com.br\/inspecaoveicular\/wp-content\/uploads\/2022\/09\/001.jpg\" class=\"\" alt=\"PETR\u00d3POLIS INSPE\u00c7\u00c3O VEICULAR\" srcset=\"https:\/\/petropolisinspecao.com.br\/inspecaoveicular\/wp-content\/uploads\/2022\/09\/001.jpg 960w, https:\/\/petropolisinspecao.com.br\/inspecaoveicular\/wp-content\/uploads\/2022\/09\/001-300x225.jpg 300w, https:\/\/petropolisinspecao.com.br\/inspecaoveicular\/wp-content\/uploads\/2022\/09\/001-768x576.jpg 768w, https:\/\/petropolisinspecao.com.br\/inspecaoveicular\/wp-content\/uploads\/2022\/09\/001-360x270.jpg 360w\" sizes=\"auto, (max-width: 640px) 100vw, 640px\" \/><\/a><\/div><\/div><div class=\"su-image-carousel-item\"><div class=\"su-image-carousel-item-content\"><a href=\"https:\/\/petropolisinspecao.com.br\/inspecaoveicular\/wp-content\/uploads\/2022\/09\/004.jpg\" target=\"_blank\" rel=\"noopener noreferrer\" data-caption=\"\" data-rel=\"lightbox-image-13\" data-rl_title=\"\" data-rl_caption=\"\" title=\"\"><img loading=\"lazy\" decoding=\"async\" width=\"640\" height=\"820\" src=\"https:\/\/petropolisinspecao.com.br\/inspecaoveicular\/wp-content\/uploads\/2022\/09\/004.jpg\" class=\"\" alt=\"PETR\u00d3POLIS INSPE\u00c7\u00c3O VEICULAR\" srcset=\"https:\/\/petropolisinspecao.com.br\/inspecaoveicular\/wp-content\/uploads\/2022\/09\/004.jpg 749w, https:\/\/petropolisinspecao.com.br\/inspecaoveicular\/wp-content\/uploads\/2022\/09\/004-234x300.jpg 234w, https:\/\/petropolisinspecao.com.br\/inspecaoveicular\/wp-content\/uploads\/2022\/09\/004-211x270.jpg 211w\" sizes=\"auto, (max-width: 640px) 100vw, 640px\" \/><\/a><\/div><\/div><\/div><script id=\"su_image_carousel_6a08f80ce76ff_script\">if(window.SUImageCarousel){setTimeout(function() {window.SUImageCarousel.initGallery(document.getElementById(\"su_image_carousel_6a08f80ce76ff\"))}, 0);}var su_image_carousel_6a08f80ce76ff_script=document.getElementById(\"su_image_carousel_6a08f80ce76ff_script\");if(su_image_carousel_6a08f80ce76ff_script){su_image_carousel_6a08f80ce76ff_script.parentNode.removeChild(su_image_carousel_6a08f80ce76ff_script);}<\/script>\n","protected":false},"excerpt":{"rendered":"<p>V\u00eddeo Institucional 15 anos &#8211; Conhe\u00e7a a Petr\u00f3polis Inspe\u00e7\u00e3o: &nbsp; Conhe\u00e7a os destaques e promo\u00e7\u00f5es*no Instagram: (*) Em caso de promo\u00e7\u00f5es, atente para a data de validade de cada promo\u00e7\u00e3o.<\/p>\n","protected":false},"author":1,"featured_media":0,"parent":0,"menu_order":0,"comment_status":"closed","ping_status":"closed","template":"","meta":{"footnotes":"","_links_to":"","_links_to_target":""},"class_list":["post-362","page","type-page","status-publish","hentry"],"_links":{"self":[{"href":"https:\/\/petropolisinspecao.com.br\/inspecaoveicular\/wp-json\/wp\/v2\/pages\/362","targetHints":{"allow":["GET"]}}],"collection":[{"href":"https:\/\/petropolisinspecao.com.br\/inspecaoveicular\/wp-json\/wp\/v2\/pages"}],"about":[{"href":"https:\/\/petropolisinspecao.com.br\/inspecaoveicular\/wp-json\/wp\/v2\/types\/page"}],"author":[{"embeddable":true,"href":"https:\/\/petropolisinspecao.com.br\/inspecaoveicular\/wp-json\/wp\/v2\/users\/1"}],"replies":[{"embeddable":true,"href":"https:\/\/petropolisinspecao.com.br\/inspecaoveicular\/wp-json\/wp\/v2\/comments?post=362"}],"version-history":[{"count":7,"href":"https:\/\/petropolisinspecao.com.br\/inspecaoveicular\/wp-json\/wp\/v2\/pages\/362\/revisions"}],"predecessor-version":[{"id":450,"href":"https:\/\/petropolisinspecao.com.br\/inspecaoveicular\/wp-json\/wp\/v2\/pages\/362\/revisions\/450"}],"wp:attachment":[{"href":"https:\/\/petropolisinspecao.com.br\/inspecaoveicular\/wp-json\/wp\/v2\/media?parent=362"}],"curies":[{"name":"wp","href":"https:\/\/api.w.org\/{rel}","templated":true}]}}