{"id":40,"date":"2019-02-01T18:45:44","date_gmt":"2019-02-01T20:45:44","guid":{"rendered":"https:\/\/petropolisinspecao.com.br\/inspecaoveicular\/?page_id=40"},"modified":"2019-02-04T16:54:17","modified_gmt":"2019-02-04T18:54:17","slug":"outras-inspecoes","status":"publish","type":"page","link":"https:\/\/petropolisinspecao.com.br\/inspecaoveicular\/outras-inspecoes\/","title":{"rendered":"Outras Inspe\u00e7\u00f5es"},"content":{"rendered":"<h3>Clique nos t\u00f3picos abaixo para conhecer cada um de nossos servi\u00e7os:<\/h3>\n<hr \/>\n<ul id=\"menu-outras\" class=\"menu\"><li id=\"menu-item-224\" class=\"menu-item menu-item-type-post_type menu-item-object-page menu-item-224\"><a href=\"https:\/\/petropolisinspecao.com.br\/inspecaoveicular\/inspecao-de-blindados\/\">Inspe\u00e7\u00e3o de Ve\u00edculos Blindados<\/a><\/li>\n<li id=\"menu-item-225\" class=\"menu-item menu-item-type-post_type menu-item-object-page menu-item-225\"><a href=\"https:\/\/petropolisinspecao.com.br\/inspecaoveicular\/inspecao-de-sinistrados\/\">Inspe\u00e7\u00e3o de Ve\u00edculos Sinistrados<\/a><\/li>\n<li id=\"menu-item-227\" class=\"menu-item menu-item-type-post_type menu-item-object-page menu-item-227\"><a href=\"https:\/\/petropolisinspecao.com.br\/inspecaoveicular\/inspecao-modificados\/\">Inspe\u00e7\u00e3o de Ve\u00edculos Modificados (Altera\u00e7\u00e3o de Caracter\u00edsticas)<\/a><\/li>\n<li id=\"menu-item-226\" class=\"menu-item menu-item-type-post_type menu-item-object-page menu-item-226\"><a href=\"https:\/\/petropolisinspecao.com.br\/inspecaoveicular\/inspecao-gnv\/\">Inspe\u00e7\u00e3o em Ve\u00edculos Com Sistema GNV<\/a><\/li>\n<\/ul>\n<hr \/>\n<div id=\"su_slider_6a08f7e4985c2\" class=\"su-slider su-slider-centered su-slider-pages-no su-slider-responsive-no su-lightbox-gallery\" style=\"width:860px;height:300px\" data-autoplay=\"3000\" data-speed=\"600\" data-mousewheel=\"true\"><div class=\"su-slider-slides\"><div class=\"su-slider-slide\"><a href=\"https:\/\/petropolisinspecao.com.br\/inspecaoveicular\/wp-content\/uploads\/2019\/02\/32.png\"  title=\"\" data-rel=\"lightbox-image-0\" data-rl_title=\"\" data-rl_caption=\"\"><img decoding=\"async\" src=\"https:\/\/petropolisinspecao.com.br\/inspecaoveicular\/wp-content\/uploads\/2019\/02\/32-860x300.png\" alt=\"PETR\u00d3POLIS INSPE\u00c7\u00c3O VEICULAR\" \/><\/a><\/div><div class=\"su-slider-slide\"><a href=\"https:\/\/petropolisinspecao.com.br\/inspecaoveicular\/wp-content\/uploads\/2019\/02\/24.png\"  title=\"\" data-rel=\"lightbox-image-1\" data-rl_title=\"\" data-rl_caption=\"\"><img decoding=\"async\" src=\"https:\/\/petropolisinspecao.com.br\/inspecaoveicular\/wp-content\/uploads\/2019\/02\/24-860x300.png\" alt=\"PETR\u00d3POLIS INSPE\u00c7\u00c3O VEICULAR\" \/><\/a><\/div><div class=\"su-slider-slide\"><a href=\"https:\/\/petropolisinspecao.com.br\/inspecaoveicular\/wp-content\/uploads\/2019\/02\/03.png\"  title=\"\" data-rel=\"lightbox-image-2\" data-rl_title=\"\" data-rl_caption=\"\"><img decoding=\"async\" src=\"https:\/\/petropolisinspecao.com.br\/inspecaoveicular\/wp-content\/uploads\/2019\/02\/03-860x300.png\" alt=\"PETR\u00d3POLIS INSPE\u00c7\u00c3O VEICULAR\" \/><\/a><\/div><div class=\"su-slider-slide\"><a href=\"https:\/\/petropolisinspecao.com.br\/inspecaoveicular\/wp-content\/uploads\/2019\/02\/05.png\"  title=\"\" data-rel=\"lightbox-image-3\" data-rl_title=\"\" data-rl_caption=\"\"><img decoding=\"async\" src=\"https:\/\/petropolisinspecao.com.br\/inspecaoveicular\/wp-content\/uploads\/2019\/02\/05-860x300.png\" alt=\"PETR\u00d3POLIS INSPE\u00c7\u00c3O VEICULAR\" \/><\/a><\/div><div class=\"su-slider-slide\"><a href=\"https:\/\/petropolisinspecao.com.br\/inspecaoveicular\/wp-content\/uploads\/2019\/02\/04.png\"  title=\"\" data-rel=\"lightbox-image-4\" data-rl_title=\"\" data-rl_caption=\"\"><img decoding=\"async\" src=\"https:\/\/petropolisinspecao.com.br\/inspecaoveicular\/wp-content\/uploads\/2019\/02\/04-860x300.png\" alt=\"PETR\u00d3POLIS INSPE\u00c7\u00c3O VEICULAR\" \/><\/a><\/div><\/div><div class=\"su-slider-nav\"><div class=\"su-slider-direction\"><span class=\"su-slider-prev\"><\/span><span class=\"su-slider-next\"><\/span><\/div><div class=\"su-slider-pagination\"><\/div><\/div><\/div>\n","protected":false},"excerpt":{"rendered":"<p>Fazemos Inspe\u00e7\u00e3o de ve\u00edculos leves: blindados, sinistrados e modificados.<\/p>\n","protected":false},"author":1,"featured_media":0,"parent":0,"menu_order":0,"comment_status":"closed","ping_status":"closed","template":"","meta":{"footnotes":"","_links_to":"","_links_to_target":""},"class_list":["post-40","page","type-page","status-publish","hentry"],"_links":{"self":[{"href":"https:\/\/petropolisinspecao.com.br\/inspecaoveicular\/wp-json\/wp\/v2\/pages\/40","targetHints":{"allow":["GET"]}}],"collection":[{"href":"https:\/\/petropolisinspecao.com.br\/inspecaoveicular\/wp-json\/wp\/v2\/pages"}],"about":[{"href":"https:\/\/petropolisinspecao.com.br\/inspecaoveicular\/wp-json\/wp\/v2\/types\/page"}],"author":[{"embeddable":true,"href":"https:\/\/petropolisinspecao.com.br\/inspecaoveicular\/wp-json\/wp\/v2\/users\/1"}],"replies":[{"embeddable":true,"href":"https:\/\/petropolisinspecao.com.br\/inspecaoveicular\/wp-json\/wp\/v2\/comments?post=40"}],"version-history":[{"count":7,"href":"https:\/\/petropolisinspecao.com.br\/inspecaoveicular\/wp-json\/wp\/v2\/pages\/40\/revisions"}],"predecessor-version":[{"id":319,"href":"https:\/\/petropolisinspecao.com.br\/inspecaoveicular\/wp-json\/wp\/v2\/pages\/40\/revisions\/319"}],"wp:attachment":[{"href":"https:\/\/petropolisinspecao.com.br\/inspecaoveicular\/wp-json\/wp\/v2\/media?parent=40"}],"curies":[{"name":"wp","href":"https:\/\/api.w.org\/{rel}","templated":true}]}}