{"id":44,"date":"2019-02-01T18:46:18","date_gmt":"2019-02-01T20:46:18","guid":{"rendered":"https:\/\/petropolisinspecao.com.br\/inspecaoveicular\/?page_id=44"},"modified":"2019-02-13T18:22:11","modified_gmt":"2019-02-13T20:22:11","slug":"inspecao-de-sinistrados","status":"publish","type":"page","link":"https:\/\/petropolisinspecao.com.br\/inspecaoveicular\/inspecao-de-sinistrados\/","title":{"rendered":"Inspe\u00e7\u00e3o de Sinistrados"},"content":{"rendered":"<h3>Inspe\u00e7\u00e3o em Ve\u00edculos Recuperados de Sinistro<\/h3>\n<hr \/>\n<div class=\"su-note\"  style=\"border-color:#d6d6d6;border-radius:3px;-moz-border-radius:3px;-webkit-border-radius:3px;\"><div class=\"su-note-inner su-u-clearfix su-u-trim\" style=\"background-color:#F0F0F0;border-color:#ffffff;color:#333333;border-radius:3px;-moz-border-radius:3px;-webkit-border-radius:3px;\">\n<p>Ve\u00edculos envolvidos em acidentes de tr\u00e2nsito que tem seu documento bloqueado administrativamente pelo DETRAN por ter seus danos classificados como \u201cde M\u00e9dia Monta\u201d no Boletim de Ocorr\u00eancia (B.O), \u00e9 obrigat\u00f3ria a realiza\u00e7\u00e3o de Inspe\u00e7\u00e3o de Seguran\u00e7a Veicular , a fim de apurar que o mesmo encontra-se com sua integridade e funcionalidade preservada, bem como que seus sistemas e componentes, apresentam-se em perfeito estado de funcionamento.<\/p>\n<p>Depois de reparado, o ve\u00edculo deve ser submetido \u00e0 inspe\u00e7\u00e3o de seguran\u00e7a veicular, basta se dirigir a nossa empresa,\u00a0<strong>PETR\u00d3POLIS INSPE\u00c7\u00c3O VEICULAR<\/strong>, que emitir\u00e1, para os ve\u00edculos aprovados, Certificado de Seguran\u00e7a Veicular (CSV) para que se proceda o desbloqueio pela Autoridade de Tr\u00e2nsito..<\/p>\n<\/div><\/div>\n<p>&nbsp;<\/p>\n<blockquote><p><em><b>PORTARIA INMETRO\u00a0N\u00ba 32:<\/b><\/em><br \/>\n<em>Inspe\u00e7\u00e3o de Ve\u00edculos Rodovi\u00e1rios Automotores \u2013 Recuperados de Sinistro.<\/em><\/p>\n<a href=\"http:\/\/www.inmetro.gov.br\/legislacao\/rtac\/pdf\/RTAC000881.pdf\" class=\"su-button su-button-style-default\" style=\"color:#FFFFFF;background-color:#0F7129;border-color:#0c5b21;border-radius:5px\" target=\"_blank\" rel=\"noopener noreferrer\"><span style=\"color:#FFFFFF;padding:6px 16px;font-size:13px;line-height:20px;border-color:#579c6a;border-radius:5px;text-shadow:none\"><i class=\"sui sui-external-link\" style=\"font-size:13px;color:#FFFFFF\"><\/i> Ver texto completo desta Portaria <\/span><\/a><\/blockquote>\n<p>&nbsp;<\/p>\n<p><strong>Clique e saiba mais:<\/strong><\/p>\n<div class=\"su-spoiler su-spoiler-style-fancy su-spoiler-icon-arrow su-spoiler-closed\" data-scroll-offset=\"0\" data-anchor-in-url=\"no\"><div class=\"su-spoiler-title\" tabindex=\"0\" role=\"button\"><span class=\"su-spoiler-icon\"><\/span>SAIBA MAIS SOBRE INSPE\u00c7\u00c3O EM CARROS SINISTRADOS:<\/div><div class=\"su-spoiler-content su-u-clearfix su-u-trim\">\n<p>Se o seu carro teve o documento bloqueado ap\u00f3s ter se envolvido em acidente ou leil\u00e3o, por exemplo, carro retomado de financiamento, \u00e9 porque a nova Legisla\u00e7\u00e3o de Tr\u00e2nsito estabelece que ele s\u00f3 poder\u00e1 retornar \u00e0 circula\u00e7\u00e3o depois de ser aprovado em uma Inspe\u00e7\u00e3o de Seguran\u00e7a.<\/p>\n<p>Para regularizar a situa\u00e7\u00e3o do ve\u00edculo, ap\u00f3s o conserto, basta apresenta-lo para inspe\u00e7\u00e3o na <strong>PETR\u00d3POLIS INSPE\u00c7\u00c3O VEICULAR.<\/strong><\/p>\n<p>Ser\u00e3o avaliados:<\/p>\n<ul>\n<li>Sistemas de dire\u00e7\u00e3o<\/li>\n<li>Freios<\/li>\n<li>Suspens\u00e3o<\/li>\n<li>Carro\u00e7aria<\/li>\n<li>Ilumina\u00e7\u00e3o<\/li>\n<li>Pneus<\/li>\n<li>Rodas<\/li>\n<li>Componentes obrigat\u00f3rios.<\/li>\n<\/ul>\n<p>Dentre outros.<\/p>\n<\/div><\/div>\n<div class=\"su-spoiler su-spoiler-style-fancy su-spoiler-icon-arrow su-spoiler-closed\" data-scroll-offset=\"0\" data-anchor-in-url=\"no\"><div class=\"su-spoiler-title\" tabindex=\"0\" role=\"button\"><span class=\"su-spoiler-icon\"><\/span>E QUANDO O VE\u00cdCULO \u00c9 APROVADO NA INSPE\u00c7\u00c3O?<\/div><div class=\"su-spoiler-content su-u-clearfix su-u-trim\">\n<p>Quando o ve\u00edculo \u00e9 aprovado, \u00e9 emitido um Certificado de Seguran\u00e7a Veicular (CSV) que possibilita o desbloqueio do ve\u00edculo.<br \/>\nN\u00e3o esque\u00e7a de levar este Certificado de Seguran\u00e7a Veicular a Autoridade de Transito \u201cDETRAN\u201d para que seja eliminado a restri\u00e7\u00e3o do ve\u00edculo!<\/p>\n<\/div><\/div>\n<div class=\"su-spoiler su-spoiler-style-fancy su-spoiler-icon-arrow su-spoiler-closed\" data-scroll-offset=\"0\" data-anchor-in-url=\"no\"><div class=\"su-spoiler-title\" tabindex=\"0\" role=\"button\"><span class=\"su-spoiler-icon\"><\/span>E QUANDO O VE\u00cdCULO \u00c9 REPROVADO NA INSPE\u00c7\u00c3O?<\/div><div class=\"su-spoiler-content su-u-clearfix su-u-trim\">\n<p>Se seu ve\u00edculo for reprovado ser\u00e1 emitido ent\u00e3o o Relat\u00f3rio de N\u00e3o Conformidades (RNC) com todos os defeitos apresentados pelo ve\u00edculo, com isso o propriet\u00e1rio ter\u00e1 30 dias para corrigir e retornar sem nenhum custo adicional.<\/p>\n<\/div><\/div>\n<div class=\"su-spoiler su-spoiler-style-fancy su-spoiler-icon-arrow su-spoiler-closed\" data-scroll-offset=\"0\" data-anchor-in-url=\"no\"><div class=\"su-spoiler-title\" tabindex=\"0\" role=\"button\"><span class=\"su-spoiler-icon\"><\/span>CONHE\u00c7A OS ITENS MAIS COMUNS NA VISTORIA DE SINISTRADOS:<\/div><div class=\"su-spoiler-content su-u-clearfix su-u-trim\">\n<p>Os defeitos mais comuns detectados em recuperados de sinistro:<\/p>\n<ul>\n<li>Mudan\u00e7a de Carroceria;<\/li>\n<li>Extintor de inc\u00eandio vencido ou inexistente;<\/li>\n<li>Bateria sem prote\u00e7\u00e3o contra curto-circuito;<\/li>\n<li>Desequil\u00edbrio no freio de servi\u00e7o;<\/li>\n<li>Lavador de p\u00e1ra-brisa n\u00e3o funciona;<\/li>\n<li>Desalinhamento na suspens\u00e3o (desvio lateral);<\/li>\n<li>Desequil\u00edbrio no freio de estacionamento;<\/li>\n<li>Luz da placa n\u00e3o funciona ou inexistente;<\/li>\n<li>Bateria mal fixada;<\/li>\n<li>Freio de estacionamento com baixa efici\u00eancia;<\/li>\n<li>Farol desregulado ou queimado;<\/li>\n<li>Freio de servi\u00e7o com baixa efici\u00eancia;<\/li>\n<li>Falta de cinto de seguran\u00e7a ou n\u00e3o funciona;<\/li>\n<li>Bra\u00e7os da Suspens\u00e3o com folga excessiva;<\/li>\n<li>Luz de freio n\u00e3o funciona;<\/li>\n<li>Lanterna n\u00e3o funciona;<\/li>\n<li>Banco sem trava de seguran\u00e7a;<\/li>\n<li>Banco com fixa\u00e7\u00e3o inadequada;<\/li>\n<li>Luz alta n\u00e3o funciona;<\/li>\n<li>Luz de marcha-\u00e0-r\u00e9 n\u00e3o funciona;<\/li>\n<li>Buzina n\u00e3o funciona;<\/li>\n<li>Lanternas com cores inadequadas;<\/li>\n<li>Coifa homocin\u00e9tica com problemas;<\/li>\n<li>Pedais sem prote\u00e7\u00e3o de borracha;<\/li>\n<li>Painel de instrumentos n\u00e3o funciona;<\/li>\n<li>Pneu com desgaste excessivo;<\/li>\n<li>Diferen\u00e7a de ader\u00eancia entre os lados do ve\u00edculo;<\/li>\n<li>Fecho da porta com problemas;<\/li>\n<li>Indicador de luz alta n\u00e3o funciona;<\/li>\n<li>Falta tri\u00e2ngulo de seguran\u00e7a;<\/li>\n<li>P\u00e1ra-choque irregular;<\/li>\n<li>Mangueira de combust\u00edvel vazando;<\/li>\n<li>Falta fecho interno;<\/li>\n<li>Falta cinta de prote\u00e7\u00e3o do card\u00e3;<\/li>\n<li>Falta macaco e\/ou chave de roda;<\/li>\n<li>Cambio com engrenamento dif\u00edcil;<\/li>\n<li>Para-brisa trincado;<\/li>\n<li>Fecho do cinto de seguran\u00e7a n\u00e3o funciona;<\/li>\n<li>Amortecedor com funcionamento inadequado;<\/li>\n<li>Porta-luvas n\u00e3o trava;<\/li>\n<li>Fecho do capo do motor com problemas;<\/li>\n<li>Indicador de combust\u00edvel n\u00e3o funciona;<\/li>\n<li>Pneus transpondo os p\u00e1ra-lamas;<\/li>\n<li>Agregado com recupera\u00e7\u00e3o por solda;<\/li>\n<li>Porta-malas com dificuldade de abertura;<\/li>\n<li>Fixa\u00e7\u00e3o inadequada do cinto de seguran\u00e7a;<\/li>\n<li>Trincas nas travessas do chassi;<\/li>\n<li>L\u00e2mina de mola quebrada;<\/li>\n<li>Roda com porca faltando;<\/li>\n<li>Fixa\u00e7\u00e3o do escapamento deficiente;<\/li>\n<li>Pneus com medidas e tipos diferentes no mesmo eixo;<\/li>\n<li>Retrovisor quebrado;<\/li>\n<li>Roda trincada;<\/li>\n<li>Sistema el\u00e9trico com problemas;<\/li>\n<li>Limpador de p\u00e1ra-brisa n\u00e3o funciona;<\/li>\n<li>Vazamento no sistema de freio.<\/li>\n<\/ul>\n<p>Dentre outros.<\/p>\n<\/div><\/div>\n<div class=\"su-spoiler su-spoiler-style-fancy su-spoiler-icon-arrow su-spoiler-closed\" data-scroll-offset=\"0\" data-anchor-in-url=\"no\"><div class=\"su-spoiler-title\" tabindex=\"0\" role=\"button\"><span class=\"su-spoiler-icon\"><\/span>DOCUMENTOS NECESS\u00c1RIOS PARA A INSPE\u00c7\u00c3O DE VE\u00cdCULOS SINISTRADOS:<\/div><div class=\"su-spoiler-content su-u-clearfix su-u-trim\">\n<ul>\n<li>Documento do ve\u00edculo (CRLV); ou<\/li>\n<li>Nota Fiscal do Leil\u00e3o;<\/li>\n<li>CNH do condutor;<\/li>\n<li>Boletim de Ocorr\u00eancia (quando aplic\u00e1vel)<\/li>\n<li>Autoriza\u00e7\u00e3o Pr\u00e9via (Senha do DETRAN)<\/li>\n<\/ul>\n<\/div><\/div>\n<p>&nbsp;<\/p>\n<p><strong>Lembre-se:<\/strong><\/p>\n<div class=\"su-note\"  style=\"border-color:#dddddd;border-radius:3px;-moz-border-radius:3px;-webkit-border-radius:3px;\"><div class=\"su-note-inner su-u-clearfix su-u-trim\" style=\"background-color:#F7F7F7;border-color:#ffffff;color:#333333;border-radius:3px;-moz-border-radius:3px;-webkit-border-radius:3px;\">\n<p>\u2013 Antes de voltar a trafegar com seu veiculo ap\u00f3s recuperado de sinistro, \u00e9 necess\u00e1rio fazer a inspe\u00e7\u00e3o de ve\u00edculos sinistrados para obten\u00e7\u00e3o do Certificado de Seguran\u00e7a Veicular (CSV).<\/p>\n<\/div><\/div>\n<p>D\u00favidas sobre Inspe\u00e7\u00e3o em ve\u00edculos recuperados de sinistro ? <a href=\"https:\/\/petropolisinspecao.com.br\/inspecaoveicular\/contato\/\">Clique aqui e fale conosco<\/a>.<\/p>\n<a href=\"https:\/\/petropolisinspecao.com.br\/inspecaoveicular\/contato\" class=\"su-button su-button-style-default\" style=\"color:#FFFFFF;background-color:#0F7129;border-color:#0c5b21;border-radius:5px\" target=\"_self\"><span style=\"color:#FFFFFF;padding:6px 16px;font-size:13px;line-height:20px;border-color:#579c6a;border-radius:5px;text-shadow:none\"><i class=\"sui sui-send\" style=\"font-size:13px;color:#FFFFFF\"><\/i> Fale com a Petr\u00f3polis Inspe\u00e7\u00e3o Veicular<\/span><\/a>\n<div id=\"su_slider_6a08edb17db2b\" class=\"su-slider su-slider-centered su-slider-pages-no su-slider-responsive-no su-lightbox-gallery\" style=\"width:860px;height:300px\" data-autoplay=\"3000\" data-speed=\"600\" data-mousewheel=\"true\"><div class=\"su-slider-slides\"><div class=\"su-slider-slide\"><a href=\"https:\/\/petropolisinspecao.com.br\/inspecaoveicular\/wp-content\/uploads\/2019\/02\/05.png\"  title=\"\" data-rel=\"lightbox-image-0\" data-rl_title=\"\" data-rl_caption=\"\"><img decoding=\"async\" src=\"https:\/\/petropolisinspecao.com.br\/inspecaoveicular\/wp-content\/uploads\/2019\/02\/05-860x300.png\" alt=\"PETR\u00d3POLIS INSPE\u00c7\u00c3O VEICULAR\" \/><\/a><\/div><div class=\"su-slider-slide\"><a href=\"https:\/\/petropolisinspecao.com.br\/inspecaoveicular\/wp-content\/uploads\/2019\/02\/04.png\"  title=\"\" data-rel=\"lightbox-image-1\" data-rl_title=\"\" data-rl_caption=\"\"><img decoding=\"async\" src=\"https:\/\/petropolisinspecao.com.br\/inspecaoveicular\/wp-content\/uploads\/2019\/02\/04-860x300.png\" alt=\"PETR\u00d3POLIS INSPE\u00c7\u00c3O VEICULAR\" \/><\/a><\/div><div class=\"su-slider-slide\"><a href=\"https:\/\/petropolisinspecao.com.br\/inspecaoveicular\/wp-content\/uploads\/2019\/02\/03.png\"  title=\"\" data-rel=\"lightbox-image-2\" data-rl_title=\"\" data-rl_caption=\"\"><img decoding=\"async\" src=\"https:\/\/petropolisinspecao.com.br\/inspecaoveicular\/wp-content\/uploads\/2019\/02\/03-860x300.png\" alt=\"PETR\u00d3POLIS INSPE\u00c7\u00c3O VEICULAR\" \/><\/a><\/div><div class=\"su-slider-slide\"><a href=\"https:\/\/petropolisinspecao.com.br\/inspecaoveicular\/wp-content\/uploads\/2019\/02\/02.png\"  title=\"\" data-rel=\"lightbox-image-3\" data-rl_title=\"\" data-rl_caption=\"\"><img decoding=\"async\" src=\"https:\/\/petropolisinspecao.com.br\/inspecaoveicular\/wp-content\/uploads\/2019\/02\/02-860x300.png\" alt=\"PETR\u00d3POLIS INSPE\u00c7\u00c3O VEICULAR\" \/><\/a><\/div><div class=\"su-slider-slide\"><a href=\"https:\/\/petropolisinspecao.com.br\/inspecaoveicular\/wp-content\/uploads\/2019\/02\/01.png\"  title=\"\" data-rel=\"lightbox-image-4\" data-rl_title=\"\" data-rl_caption=\"\"><img decoding=\"async\" src=\"https:\/\/petropolisinspecao.com.br\/inspecaoveicular\/wp-content\/uploads\/2019\/02\/01-860x300.png\" alt=\"PETR\u00d3POLIS INSPE\u00c7\u00c3O VEICULAR\" \/><\/a><\/div><div class=\"su-slider-slide\"><a href=\"https:\/\/petropolisinspecao.com.br\/inspecaoveicular\/wp-content\/uploads\/2019\/02\/20.png\"  title=\"\" data-rel=\"lightbox-image-5\" data-rl_title=\"\" data-rl_caption=\"\"><img decoding=\"async\" src=\"https:\/\/petropolisinspecao.com.br\/inspecaoveicular\/wp-content\/uploads\/2019\/02\/20-860x300.png\" alt=\"PETR\u00d3POLIS INSPE\u00c7\u00c3O VEICULAR\" \/><\/a><\/div><div class=\"su-slider-slide\"><a href=\"https:\/\/petropolisinspecao.com.br\/inspecaoveicular\/wp-content\/uploads\/2019\/02\/21.png\"  title=\"\" data-rel=\"lightbox-image-6\" data-rl_title=\"\" data-rl_caption=\"\"><img decoding=\"async\" src=\"https:\/\/petropolisinspecao.com.br\/inspecaoveicular\/wp-content\/uploads\/2019\/02\/21-860x300.png\" alt=\"PETR\u00d3POLIS INSPE\u00c7\u00c3O VEICULAR\" \/><\/a><\/div><div class=\"su-slider-slide\"><a href=\"https:\/\/petropolisinspecao.com.br\/inspecaoveicular\/wp-content\/uploads\/2019\/02\/22.png\"  title=\"\" data-rel=\"lightbox-image-7\" data-rl_title=\"\" data-rl_caption=\"\"><img decoding=\"async\" src=\"https:\/\/petropolisinspecao.com.br\/inspecaoveicular\/wp-content\/uploads\/2019\/02\/22-860x300.png\" alt=\"PETR\u00d3POLIS INSPE\u00c7\u00c3O VEICULAR\" \/><\/a><\/div><div class=\"su-slider-slide\"><a href=\"https:\/\/petropolisinspecao.com.br\/inspecaoveicular\/wp-content\/uploads\/2019\/02\/24.png\"  title=\"\" data-rel=\"lightbox-image-8\" data-rl_title=\"\" data-rl_caption=\"\"><img decoding=\"async\" src=\"https:\/\/petropolisinspecao.com.br\/inspecaoveicular\/wp-content\/uploads\/2019\/02\/24-860x300.png\" alt=\"PETR\u00d3POLIS INSPE\u00c7\u00c3O VEICULAR\" \/><\/a><\/div><\/div><div class=\"su-slider-nav\"><div class=\"su-slider-direction\"><span class=\"su-slider-prev\"><\/span><span class=\"su-slider-next\"><\/span><\/div><div class=\"su-slider-pagination\"><\/div><\/div><\/div>\n","protected":false},"excerpt":{"rendered":"<p>Inspe\u00e7\u00e3o em Ve\u00edculos Recuperados de Sinistro &nbsp; PORTARIA INMETRO\u00a0N\u00ba 32: Inspe\u00e7\u00e3o de Ve\u00edculos Rodovi\u00e1rios Automotores \u2013 Recuperados de Sinistro. &nbsp; Clique e saiba mais: &nbsp; Lembre-se: D\u00favidas sobre Inspe\u00e7\u00e3o em ve\u00edculos recuperados de sinistro ? Clique aqui e fale conosco.<\/p>\n","protected":false},"author":1,"featured_media":0,"parent":0,"menu_order":0,"comment_status":"closed","ping_status":"closed","template":"","meta":{"footnotes":"","_links_to":"","_links_to_target":""},"class_list":["post-44","page","type-page","status-publish","hentry"],"_links":{"self":[{"href":"https:\/\/petropolisinspecao.com.br\/inspecaoveicular\/wp-json\/wp\/v2\/pages\/44","targetHints":{"allow":["GET"]}}],"collection":[{"href":"https:\/\/petropolisinspecao.com.br\/inspecaoveicular\/wp-json\/wp\/v2\/pages"}],"about":[{"href":"https:\/\/petropolisinspecao.com.br\/inspecaoveicular\/wp-json\/wp\/v2\/types\/page"}],"author":[{"embeddable":true,"href":"https:\/\/petropolisinspecao.com.br\/inspecaoveicular\/wp-json\/wp\/v2\/users\/1"}],"replies":[{"embeddable":true,"href":"https:\/\/petropolisinspecao.com.br\/inspecaoveicular\/wp-json\/wp\/v2\/comments?post=44"}],"version-history":[{"count":6,"href":"https:\/\/petropolisinspecao.com.br\/inspecaoveicular\/wp-json\/wp\/v2\/pages\/44\/revisions"}],"predecessor-version":[{"id":350,"href":"https:\/\/petropolisinspecao.com.br\/inspecaoveicular\/wp-json\/wp\/v2\/pages\/44\/revisions\/350"}],"wp:attachment":[{"href":"https:\/\/petropolisinspecao.com.br\/inspecaoveicular\/wp-json\/wp\/v2\/media?parent=44"}],"curies":[{"name":"wp","href":"https:\/\/api.w.org\/{rel}","templated":true}]}}