{"id":46,"date":"2019-02-01T18:46:30","date_gmt":"2019-02-01T20:46:30","guid":{"rendered":"https:\/\/petropolisinspecao.com.br\/inspecaoveicular\/?page_id=46"},"modified":"2022-09-16T13:55:36","modified_gmt":"2022-09-16T16:55:36","slug":"inspecao-de-blindados","status":"publish","type":"page","link":"https:\/\/petropolisinspecao.com.br\/inspecaoveicular\/inspecao-de-blindados\/","title":{"rendered":"Inspe\u00e7\u00e3o de Blindados"},"content":{"rendered":"<h3>Inspe\u00e7\u00e3o em Ve\u00edculos Blindados<\/h3>\n<hr \/>\n<div class=\"su-note\"  style=\"border-color:#d6d6d6;border-radius:3px;-moz-border-radius:3px;-webkit-border-radius:3px;\"><div class=\"su-note-inner su-u-clearfix su-u-trim\" style=\"background-color:#F0F0F0;border-color:#ffffff;color:#333333;border-radius:3px;-moz-border-radius:3px;-webkit-border-radius:3px;\">\n<p>Ap\u00f3s realizar a inclus\u00e3o da blindagem em uma instaladora certificada, o veiculo dever\u00e1 ser submetido a uma Inspe\u00e7\u00e3o de Seguran\u00e7a Veicular, onde ser\u00e3o avaliados todos os sistemas e componentes do mesmo e se as modifica\u00e7\u00f5es est\u00e3o em conformidade com as Normas e Portarias vigentes. O carro blindado deve passar por uma inspe\u00e7\u00e3o para que obtenha o CSV (Certificado de Seguran\u00e7a Veicular). Apenas com esse certificado em m\u00e3os \u00e9 poss\u00edvel que o ve\u00edculo seja levado ao DETRAN para que a blindagem seja inclu\u00edda no documento.<br \/>\n.<\/p>\n<\/div><\/div>\n<p>&nbsp;<\/p>\n<blockquote><p><strong><em>PORTARIA INMETRO N\u00ba 30:<\/em><\/strong><br \/>\n<em>RTQ 24 \u2013 INSPE\u00c7\u00c3O DE VE\u00cdCULOS RODOVI\u00c1RIOS AUTOMOTORES \u2013 MODIFICA\u00c7\u00c3O OU FABRICA\u00c7\u00c3O ARTESANAL \u2013 Este Regulamento T\u00e9cnico estabelece os crit\u00e9rios a serem seguidos por Organismos de Inspe\u00e7\u00e3o Credenciados pelo INMETRO para inspe\u00e7\u00e3o de ve\u00edculos rodovi\u00e1rios automotores modificados ou fabricados artesanalmente.<\/em><\/p>\n<a href=\"http:\/\/www.inmetro.gov.br\/legislacao\/rtac\/pdf\/RTAC000880.pdf\" class=\"su-button su-button-style-default\" style=\"color:#FFFFFF;background-color:#0F7129;border-color:#0c5b21;border-radius:5px\" target=\"_blank\" rel=\"noopener noreferrer\"><span style=\"color:#FFFFFF;padding:6px 16px;font-size:13px;line-height:20px;border-color:#579c6a;border-radius:5px;text-shadow:none\"><i class=\"sui sui-external-link\" style=\"font-size:13px;color:#FFFFFF\"><\/i> Ver texto completo desta Portaria <\/span><\/a><\/blockquote>\n<p>&nbsp;<\/p>\n<p><strong>Clique e saiba mais:<\/strong><\/p>\n<div class=\"su-spoiler su-spoiler-style-fancy su-spoiler-icon-arrow su-spoiler-closed\" data-scroll-offset=\"0\" data-anchor-in-url=\"no\"><div class=\"su-spoiler-title\" tabindex=\"0\" role=\"button\"><span class=\"su-spoiler-icon\"><\/span>COMO REGULARIZAR UM VE\u00cdCULO BLINDADO:<\/div><div class=\"su-spoiler-content su-u-clearfix su-u-trim\">\n<p>O interessado antes de mais nada deve solicitar a \u00e0 autoridade de tr\u00e2nsito permiss\u00e3o para a inclus\u00e3o da blindagem. Com a autoriza\u00e7\u00e3o emitida pelo DETRAN a modifica\u00e7\u00e3o \u00e9 realizada. Basta se dirigir a nossa empresa, PETR\u00d3POLIS INSPE\u00c7\u00c3O VEICULAR, para que o seu ve\u00edculo seja inspecionado.<br \/>\nPara os ve\u00edculos aprovados na inspe\u00e7\u00e3o ser\u00e1 emitido o Certificado de Seguran\u00e7a Veicular (CSV)e o Certificado de Inspe\u00e7\u00e3o (CI) .<\/p>\n<p>Se reprovado ser\u00e1 emitido ent\u00e3o o Relat\u00f3rio de N\u00e3o Conformidades (RNC) com todos os defeitos apresentados pelo ve\u00edculo, com isso o propriet\u00e1rio ter\u00e1 30 dias para corrigir e retornar sem nenhum custo adicional.<\/p>\n<\/div><\/div>\n<div class=\"su-spoiler su-spoiler-style-fancy su-spoiler-icon-arrow su-spoiler-closed\" data-scroll-offset=\"0\" data-anchor-in-url=\"no\"><div class=\"su-spoiler-title\" tabindex=\"0\" role=\"button\"><span class=\"su-spoiler-icon\"><\/span>DOCUMENTA\u00c7\u00c3O NECESS\u00c1RIA PARA A INSPE\u00c7\u00c3O DE BLINDADOS:<\/div><div class=\"su-spoiler-content su-u-clearfix su-u-trim\">\n\u2013 Documento do ve\u00edculo (CRLV) \u2013 (nos casos de ve\u00edculos 0KM dever\u00e1 ser apresentada a Nota fiscal de compra);<br \/>\n\u2013 CNH do condutor;<br \/>\n\u2013 Nota Fiscal da Blindagem e de Instala\u00e7\u00e3o;<br \/>\n\u2013 Autoriza\u00e7\u00e3o Pr\u00e9via (Senha do DETRAN).<\/p>\n<\/div><\/div>\n<p>D\u00favidas sobre Inspe\u00e7\u00e3o em ve\u00edculos blindados ? <a href=\"https:\/\/petropolisinspecao.com.br\/inspecaoveicular\/contato\/\">Clique aqui e fale conosco<\/a>.<\/p>\n<a href=\"https:\/\/petropolisinspecao.com.br\/inspecaoveicular\/contato\" class=\"su-button su-button-style-default\" style=\"color:#FFFFFF;background-color:#0F7129;border-color:#0c5b21;border-radius:5px\" target=\"_self\"><span style=\"color:#FFFFFF;padding:6px 16px;font-size:13px;line-height:20px;border-color:#579c6a;border-radius:5px;text-shadow:none\"><i class=\"sui sui-send\" style=\"font-size:13px;color:#FFFFFF\"><\/i> Fale com a Petr\u00f3polis Inspe\u00e7\u00e3o Veicular<\/span><\/a>\n<div id=\"su_slider_6a08f7e530e98\" class=\"su-slider su-slider-centered su-slider-pages-no su-slider-responsive-no su-lightbox-gallery\" style=\"width:860px;height:300px\" data-autoplay=\"3000\" data-speed=\"600\" data-mousewheel=\"true\"><div class=\"su-slider-slides\"><div class=\"su-slider-slide\"><a href=\"https:\/\/petropolisinspecao.com.br\/inspecaoveicular\/wp-content\/uploads\/2019\/02\/32.png\"  title=\"\" data-rel=\"lightbox-image-0\" data-rl_title=\"\" data-rl_caption=\"\"><img decoding=\"async\" src=\"https:\/\/petropolisinspecao.com.br\/inspecaoveicular\/wp-content\/uploads\/2019\/02\/32-860x300.png\" alt=\"PETR\u00d3POLIS INSPE\u00c7\u00c3O VEICULAR\" \/><\/a><\/div><div class=\"su-slider-slide\"><a href=\"https:\/\/petropolisinspecao.com.br\/inspecaoveicular\/wp-content\/uploads\/2019\/02\/04.png\"  title=\"\" data-rel=\"lightbox-image-1\" data-rl_title=\"\" data-rl_caption=\"\"><img decoding=\"async\" src=\"https:\/\/petropolisinspecao.com.br\/inspecaoveicular\/wp-content\/uploads\/2019\/02\/04-860x300.png\" alt=\"PETR\u00d3POLIS INSPE\u00c7\u00c3O VEICULAR\" \/><\/a><\/div><div class=\"su-slider-slide\"><a href=\"https:\/\/petropolisinspecao.com.br\/inspecaoveicular\/wp-content\/uploads\/2019\/02\/05.png\"  title=\"\" data-rel=\"lightbox-image-2\" data-rl_title=\"\" data-rl_caption=\"\"><img decoding=\"async\" src=\"https:\/\/petropolisinspecao.com.br\/inspecaoveicular\/wp-content\/uploads\/2019\/02\/05-860x300.png\" alt=\"PETR\u00d3POLIS INSPE\u00c7\u00c3O VEICULAR\" \/><\/a><\/div><div class=\"su-slider-slide\"><a href=\"https:\/\/petropolisinspecao.com.br\/inspecaoveicular\/wp-content\/uploads\/2019\/02\/03.png\"  title=\"\" data-rel=\"lightbox-image-3\" data-rl_title=\"\" data-rl_caption=\"\"><img decoding=\"async\" src=\"https:\/\/petropolisinspecao.com.br\/inspecaoveicular\/wp-content\/uploads\/2019\/02\/03-860x300.png\" alt=\"PETR\u00d3POLIS INSPE\u00c7\u00c3O VEICULAR\" \/><\/a><\/div><div class=\"su-slider-slide\"><a href=\"https:\/\/petropolisinspecao.com.br\/inspecaoveicular\/wp-content\/uploads\/2019\/02\/02.png\"  title=\"\" data-rel=\"lightbox-image-4\" data-rl_title=\"\" data-rl_caption=\"\"><img decoding=\"async\" src=\"https:\/\/petropolisinspecao.com.br\/inspecaoveicular\/wp-content\/uploads\/2019\/02\/02-860x300.png\" alt=\"PETR\u00d3POLIS INSPE\u00c7\u00c3O VEICULAR\" \/><\/a><\/div><div class=\"su-slider-slide\"><a href=\"https:\/\/petropolisinspecao.com.br\/inspecaoveicular\/wp-content\/uploads\/2019\/02\/01.png\"  title=\"\" data-rel=\"lightbox-image-5\" data-rl_title=\"\" data-rl_caption=\"\"><img decoding=\"async\" src=\"https:\/\/petropolisinspecao.com.br\/inspecaoveicular\/wp-content\/uploads\/2019\/02\/01-860x300.png\" alt=\"PETR\u00d3POLIS INSPE\u00c7\u00c3O VEICULAR\" \/><\/a><\/div><\/div><div class=\"su-slider-nav\"><div class=\"su-slider-direction\"><span class=\"su-slider-prev\"><\/span><span class=\"su-slider-next\"><\/span><\/div><div class=\"su-slider-pagination\"><\/div><\/div><\/div>\n","protected":false},"excerpt":{"rendered":"<p>Inspe\u00e7\u00e3o em Ve\u00edculos Blindados &nbsp; PORTARIA INMETRO N\u00ba 30: RTQ 24 \u2013 INSPE\u00c7\u00c3O DE VE\u00cdCULOS RODOVI\u00c1RIOS AUTOMOTORES \u2013 MODIFICA\u00c7\u00c3O OU FABRICA\u00c7\u00c3O ARTESANAL \u2013 Este Regulamento T\u00e9cnico estabelece os crit\u00e9rios a serem seguidos por Organismos de Inspe\u00e7\u00e3o Credenciados pelo INMETRO para&hellip;&nbsp;<a href=\"https:\/\/petropolisinspecao.com.br\/inspecaoveicular\/inspecao-de-blindados\/\" class=\"more-link\">Saiba Mais<\/a><\/p>\n","protected":false},"author":1,"featured_media":0,"parent":0,"menu_order":0,"comment_status":"closed","ping_status":"closed","template":"","meta":{"footnotes":"","_links_to":"","_links_to_target":""},"class_list":["post-46","page","type-page","status-publish","hentry"],"_links":{"self":[{"href":"https:\/\/petropolisinspecao.com.br\/inspecaoveicular\/wp-json\/wp\/v2\/pages\/46","targetHints":{"allow":["GET"]}}],"collection":[{"href":"https:\/\/petropolisinspecao.com.br\/inspecaoveicular\/wp-json\/wp\/v2\/pages"}],"about":[{"href":"https:\/\/petropolisinspecao.com.br\/inspecaoveicular\/wp-json\/wp\/v2\/types\/page"}],"author":[{"embeddable":true,"href":"https:\/\/petropolisinspecao.com.br\/inspecaoveicular\/wp-json\/wp\/v2\/users\/1"}],"replies":[{"embeddable":true,"href":"https:\/\/petropolisinspecao.com.br\/inspecaoveicular\/wp-json\/wp\/v2\/comments?post=46"}],"version-history":[{"count":12,"href":"https:\/\/petropolisinspecao.com.br\/inspecaoveicular\/wp-json\/wp\/v2\/pages\/46\/revisions"}],"predecessor-version":[{"id":427,"href":"https:\/\/petropolisinspecao.com.br\/inspecaoveicular\/wp-json\/wp\/v2\/pages\/46\/revisions\/427"}],"wp:attachment":[{"href":"https:\/\/petropolisinspecao.com.br\/inspecaoveicular\/wp-json\/wp\/v2\/media?parent=46"}],"curies":[{"name":"wp","href":"https:\/\/api.w.org\/{rel}","templated":true}]}}