{"id":48,"date":"2019-02-01T18:46:55","date_gmt":"2019-02-01T20:46:55","guid":{"rendered":"https:\/\/petropolisinspecao.com.br\/inspecaoveicular\/?page_id=48"},"modified":"2022-09-16T13:35:19","modified_gmt":"2022-09-16T16:35:19","slug":"escopo-de-servicos","status":"publish","type":"page","link":"https:\/\/petropolisinspecao.com.br\/inspecaoveicular\/escopo-de-servicos\/","title":{"rendered":"Escopo de Servi\u00e7os"},"content":{"rendered":"<h3>Escopo de servi\u00e7os com Acredita\u00e7\u00e3o da Coordena\u00e7\u00e3o Geral de Acredita\u00e7\u00e3o do INMETRO:<\/h3>\n<div class=\"su-table su-table-alternate\">\n<table>\n<tbody>\n<tr>\n<td>Autom\u00f3vel com Sistema de GNV Instalado<\/td>\n<\/tr>\n<tr>\n<td>Autom\u00f3vel Modificado ou Fabricado Artesanalmente<\/td>\n<\/tr>\n<tr>\n<td>Autom\u00f3vel Recuperado de Sinistro<\/td>\n<\/tr>\n<tr>\n<td>Caminhonete com Sistema de GNV instalado<\/td>\n<\/tr>\n<tr>\n<td>Caminhonete Modificada ou Fabricada Artesanalmente<\/td>\n<\/tr>\n<tr>\n<td>Caminhonete Recuperada de Sinistro<\/td>\n<\/tr>\n<tr>\n<td>Camioneta com Sistema de GNV Instalado<\/td>\n<\/tr>\n<tr>\n<td>Camioneta Modificada ou Fabricada Artesanalmente<\/td>\n<\/tr>\n<tr>\n<td>Camioneta Recuperada de Sinistro<\/td>\n<\/tr>\n<tr>\n<td>Utilit\u00e1rio com Sistema de GNV Instalado<\/td>\n<\/tr>\n<tr>\n<td>Utilit\u00e1rio Modificado ou Fabricado Artesanalmente<\/td>\n<\/tr>\n<tr>\n<td>Utilit\u00e1rio Recuperado de Sinistro<\/td>\n<\/tr>\n<tr>\n<td>Micro-\u00f4nibus com Sistema de GNV Instalado<\/td>\n<\/tr>\n<tr>\n<td>Micro-\u00f4nibus Modificado<\/td>\n<\/tr>\n<tr>\n<td>Micro-\u00f4nibus Recuperado de Sinistro<\/td>\n<\/tr>\n<tr>\n<td>Motocicleta &#8211; Modifica\u00e7\u00e3o ou Fabrica\u00e7\u00e3o Artesanal<\/td>\n<\/tr>\n<tr>\n<td>Motocicleta &#8211; Recuperada de Sinistro<\/td>\n<\/tr>\n<tr>\n<td>Motoneta &#8211; Modifica\u00e7\u00e3o ou Fabrica\u00e7\u00e3o Artesanal<\/td>\n<\/tr>\n<tr>\n<td>Motoneta &#8211; Recuperada de Sinistro<\/td>\n<\/tr>\n<tr>\n<td>Quadriciclo &#8211; Modifica\u00e7\u00e3o ou Fabrica\u00e7\u00e3o Artesanal<\/td>\n<\/tr>\n<tr>\n<td>Quadriciclo &#8211; Recuperado de Sinistro<\/td>\n<\/tr>\n<tr>\n<td>Triciclo &#8211; Modifica\u00e7\u00e3o ou Fabrica\u00e7\u00e3o Artesanal<\/td>\n<\/tr>\n<tr>\n<td>Triciclo &#8211; Recuperado de Sinistro<\/td>\n<\/tr>\n<\/tbody>\n<\/table>\n<\/div>\n<div class=\"su-note\"  style=\"border-color:#dddddd;border-radius:3px;-moz-border-radius:3px;-webkit-border-radius:3px;\"><div class=\"su-note-inner su-u-clearfix su-u-trim\" style=\"background-color:#F7F7F7;border-color:#ffffff;color:#333333;border-radius:3px;-moz-border-radius:3px;-webkit-border-radius:3px;\">\n<p><a href=\"http:\/\/www.inmetro.gov.br\/organismos\/detalhe.asp\">N\u00famero OIA-SV-0462<\/a><br \/>\nOrganismo Petr\u00f3polis Inspe\u00e7\u00e3o Veicular Ltda. &#8211; ME.<br \/>\nCNPJ 11.887.590\/0001-32<\/p>\n<\/div><\/div>\n<p><img loading=\"lazy\" decoding=\"async\" class=\"aligncenter size-full wp-image-194\" src=\"https:\/\/petropolisinspecao.com.br\/inspecaoveicular\/wp-content\/uploads\/2019\/02\/22.png\" alt=\"\" width=\"820\" height=\"270\" srcset=\"https:\/\/petropolisinspecao.com.br\/inspecaoveicular\/wp-content\/uploads\/2019\/02\/22.png 820w, https:\/\/petropolisinspecao.com.br\/inspecaoveicular\/wp-content\/uploads\/2019\/02\/22-300x99.png 300w, https:\/\/petropolisinspecao.com.br\/inspecaoveicular\/wp-content\/uploads\/2019\/02\/22-768x253.png 768w, https:\/\/petropolisinspecao.com.br\/inspecaoveicular\/wp-content\/uploads\/2019\/02\/22-360x119.png 360w\" sizes=\"auto, (max-width: 820px) 100vw, 820px\" \/><\/p>\n","protected":false},"excerpt":{"rendered":"<p>Escopo de servi\u00e7os com Acredita\u00e7\u00e3o da Coordena\u00e7\u00e3o Geral de Acredita\u00e7\u00e3o do INMETRO:<\/p>\n","protected":false},"author":1,"featured_media":0,"parent":0,"menu_order":0,"comment_status":"closed","ping_status":"closed","template":"","meta":{"footnotes":"","_links_to":"","_links_to_target":""},"class_list":["post-48","page","type-page","status-publish","hentry"],"_links":{"self":[{"href":"https:\/\/petropolisinspecao.com.br\/inspecaoveicular\/wp-json\/wp\/v2\/pages\/48","targetHints":{"allow":["GET"]}}],"collection":[{"href":"https:\/\/petropolisinspecao.com.br\/inspecaoveicular\/wp-json\/wp\/v2\/pages"}],"about":[{"href":"https:\/\/petropolisinspecao.com.br\/inspecaoveicular\/wp-json\/wp\/v2\/types\/page"}],"author":[{"embeddable":true,"href":"https:\/\/petropolisinspecao.com.br\/inspecaoveicular\/wp-json\/wp\/v2\/users\/1"}],"replies":[{"embeddable":true,"href":"https:\/\/petropolisinspecao.com.br\/inspecaoveicular\/wp-json\/wp\/v2\/comments?post=48"}],"version-history":[{"count":6,"href":"https:\/\/petropolisinspecao.com.br\/inspecaoveicular\/wp-json\/wp\/v2\/pages\/48\/revisions"}],"predecessor-version":[{"id":423,"href":"https:\/\/petropolisinspecao.com.br\/inspecaoveicular\/wp-json\/wp\/v2\/pages\/48\/revisions\/423"}],"wp:attachment":[{"href":"https:\/\/petropolisinspecao.com.br\/inspecaoveicular\/wp-json\/wp\/v2\/media?parent=48"}],"curies":[{"name":"wp","href":"https:\/\/api.w.org\/{rel}","templated":true}]}}