{"id":56,"date":"2019-02-01T18:47:57","date_gmt":"2019-02-01T20:47:57","guid":{"rendered":"https:\/\/petropolisinspecao.com.br\/inspecaoveicular\/?page_id=56"},"modified":"2019-02-04T16:55:30","modified_gmt":"2019-02-04T18:55:30","slug":"saiba-mais","status":"publish","type":"page","link":"https:\/\/petropolisinspecao.com.br\/inspecaoveicular\/saiba-mais\/","title":{"rendered":"Saiba Mais"},"content":{"rendered":"<h3>Clique nos t\u00f3picos abaixo para saber mais informa\u00e7\u00f5es sobre:<\/h3>\n<hr \/>\n<ul id=\"menu-mais-info\" class=\"menu\"><li id=\"menu-item-233\" class=\"menu-item menu-item-type-post_type menu-item-object-page menu-item-233\"><a href=\"https:\/\/petropolisinspecao.com.br\/inspecaoveicular\/nossas-acreditacoes\/\">Nossas Acredita\u00e7\u00f5es<\/a><\/li>\n<li id=\"menu-item-235\" class=\"menu-item menu-item-type-post_type menu-item-object-page menu-item-235\"><a href=\"https:\/\/petropolisinspecao.com.br\/inspecaoveicular\/tempo-medio-de-inspecao\/\">Tempo M\u00e9dio de Inspe\u00e7\u00e3o<\/a><\/li>\n<li id=\"menu-item-236\" class=\"menu-item menu-item-type-post_type menu-item-object-page menu-item-236\"><a href=\"https:\/\/petropolisinspecao.com.br\/inspecaoveicular\/documentos-necessarios\/\">Documentos Necess\u00e1rios<\/a><\/li>\n<li id=\"menu-item-234\" class=\"menu-item menu-item-type-post_type menu-item-object-page menu-item-234\"><a href=\"https:\/\/petropolisinspecao.com.br\/inspecaoveicular\/tabela-de-precos\/\">Tabela de Pre\u00e7os<\/a><\/li>\n<li id=\"menu-item-237\" class=\"menu-item menu-item-type-post_type menu-item-object-page menu-item-237\"><a href=\"https:\/\/petropolisinspecao.com.br\/inspecaoveicular\/contato\/\">Canais de Atendimento<\/a><\/li>\n<\/ul>\n<hr \/>\n<p><img loading=\"lazy\" decoding=\"async\" class=\"aligncenter size-full wp-image-189\" src=\"https:\/\/petropolisinspecao.com.br\/inspecaoveicular\/wp-content\/uploads\/2019\/02\/02.png\" alt=\"\" width=\"820\" height=\"270\" srcset=\"https:\/\/petropolisinspecao.com.br\/inspecaoveicular\/wp-content\/uploads\/2019\/02\/02.png 820w, https:\/\/petropolisinspecao.com.br\/inspecaoveicular\/wp-content\/uploads\/2019\/02\/02-300x99.png 300w, https:\/\/petropolisinspecao.com.br\/inspecaoveicular\/wp-content\/uploads\/2019\/02\/02-768x253.png 768w, https:\/\/petropolisinspecao.com.br\/inspecaoveicular\/wp-content\/uploads\/2019\/02\/02-360x119.png 360w\" sizes=\"auto, (max-width: 820px) 100vw, 820px\" \/><\/p>\n","protected":false},"excerpt":{"rendered":"<p>Conhe\u00e7a pre\u00e7os, tempo m\u00e9dio de cada inspe\u00e7\u00e3o e documentos necess\u00e1rios<\/p>\n","protected":false},"author":1,"featured_media":0,"parent":0,"menu_order":0,"comment_status":"closed","ping_status":"closed","template":"","meta":{"footnotes":"","_links_to":"","_links_to_target":""},"class_list":["post-56","page","type-page","status-publish","hentry"],"_links":{"self":[{"href":"https:\/\/petropolisinspecao.com.br\/inspecaoveicular\/wp-json\/wp\/v2\/pages\/56","targetHints":{"allow":["GET"]}}],"collection":[{"href":"https:\/\/petropolisinspecao.com.br\/inspecaoveicular\/wp-json\/wp\/v2\/pages"}],"about":[{"href":"https:\/\/petropolisinspecao.com.br\/inspecaoveicular\/wp-json\/wp\/v2\/types\/page"}],"author":[{"embeddable":true,"href":"https:\/\/petropolisinspecao.com.br\/inspecaoveicular\/wp-json\/wp\/v2\/users\/1"}],"replies":[{"embeddable":true,"href":"https:\/\/petropolisinspecao.com.br\/inspecaoveicular\/wp-json\/wp\/v2\/comments?post=56"}],"version-history":[{"count":3,"href":"https:\/\/petropolisinspecao.com.br\/inspecaoveicular\/wp-json\/wp\/v2\/pages\/56\/revisions"}],"predecessor-version":[{"id":320,"href":"https:\/\/petropolisinspecao.com.br\/inspecaoveicular\/wp-json\/wp\/v2\/pages\/56\/revisions\/320"}],"wp:attachment":[{"href":"https:\/\/petropolisinspecao.com.br\/inspecaoveicular\/wp-json\/wp\/v2\/media?parent=56"}],"curies":[{"name":"wp","href":"https:\/\/api.w.org\/{rel}","templated":true}]}}