{"id":58,"date":"2019-02-01T18:48:12","date_gmt":"2019-02-01T20:48:12","guid":{"rendered":"https:\/\/petropolisinspecao.com.br\/inspecaoveicular\/?page_id=58"},"modified":"2022-09-20T12:31:31","modified_gmt":"2022-09-20T15:31:31","slug":"sobre-a-empresa","status":"publish","type":"page","link":"https:\/\/petropolisinspecao.com.br\/inspecaoveicular\/sobre-a-empresa\/","title":{"rendered":"Sobre a Empresa"},"content":{"rendered":"<h3><strong>Sobre a PETR\u00d3POLIS INSPE\u00c7\u00c3O VEICULAR<\/strong><\/h3>\n<hr \/>\n<p>Sediada em Petr\u00f3polis, a <strong>PETR\u00d3POLIS INSPE\u00c7\u00c3O VEICULAR<\/strong> \u00e9 uma empresa Acreditada pela Coordena\u00e7\u00e3o Geral de Acredita\u00e7\u00e3o CGCRE, e licenciada para atuar como uma ITL \u2013 Institui\u00e7\u00e3o T\u00e9cnica Licenciada pelo Departamento Nacional de Tr\u00e2nsito \u2013 <strong>DENATRAN<\/strong>.<\/p>\n<p>Atuando desde 2007 exclusivamente com servi\u00e7os de inspe\u00e7\u00e3o de ve\u00edculos, a empresa est\u00e1 habilitada \u00e0 realiza\u00e7\u00e3o de inspe\u00e7\u00e3o de seguran\u00e7a veicular e inspe\u00e7\u00e3o de ve\u00edculos leves.<\/p>\n<p>As inspe\u00e7\u00f5es s\u00e3o realizadas por equipe qualificada, sob supervis\u00e3o de nossos engenheiros, reunindo t\u00e9cnicos treinados e avaliados anualmente, com servi\u00e7os com <strong>Acredita\u00e7\u00e3o da Coordena\u00e7\u00e3o Geral de Acredita\u00e7\u00e3o do INMETRO <\/strong>e<strong> Denatran<\/strong>, al\u00e9m de manter equipamentos automatizados para realiza\u00e7\u00f5es de cada inspe\u00e7\u00f5es, assegurando precis\u00e3o e objetividade em seus resultados, devidamente verificados e calibrados em laborat\u00f3rios da Rede Brasileira de Calibra\u00e7\u00e3o (RBC).<\/p>\n<p>As inspe\u00e7\u00f5es s\u00e3o realizadas dentro dos r\u00edgidos padr\u00f5es das entidades que concedem nossa acredita\u00e7\u00e3o, resultando em diagn\u00f3sticos imparciais e de alta confiabilidade.<\/p>\n<p>Fa\u00e7a sua pr\u00f3xima inspe\u00e7\u00e3o em Petr\u00f3polis e comprove nosso diferencial, agilidade, bom atendimento e excelente acesso, na principal via de acesso \u00e0 cidade!<\/p>\n<p>Somos uma empresa especializada na <a href=\"https:\/\/petropolisinspecao.com.br\/inspecaoveicular\/inspecao-gnv\/\">Inspe\u00e7\u00e3o de Ve\u00edculos com Sistema GNV<\/a>.<\/p>\n<p>Al\u00e9m disto, o <a href=\"https:\/\/petropolisinspecao.com.br\/inspecaoveicular\/escopo-de-servicos\/\">nosso escopo<\/a> abrange <a href=\"https:\/\/petropolisinspecao.com.br\/inspecaoveicular\/inspecao-modificados\/\">Inspe\u00e7\u00e3o de Ve\u00edculos Modificados (Altera\u00e7\u00f5es das Caracter\u00edsticas Originais)<\/a>, <a href=\"https:\/\/petropolisinspecao.com.br\/inspecaoveicular\/inspecao-de-sinistrados\/\">Ve\u00edculos Recuperados de Sinistro<\/a> e <a href=\"https:\/\/petropolisinspecao.com.br\/inspecaoveicular\/inspecao-de-blindados\/\">Inspe\u00e7\u00e3o de Ve\u00edculos Blindados<\/a>, visando a obten\u00e7\u00e3o do CSV \u201cCertificado de Seguran\u00e7a Veicular\u201d.<\/p>\n<p>&nbsp;<\/p>\n<div id='gallery-1' class='gallery galleryid-58 gallery-columns-3 gallery-size-thumbnail'><figure class='gallery-item'>\n\t\t\t<div class='gallery-icon landscape'>\n\t\t\t\t<a href='https:\/\/petropolisinspecao.com.br\/inspecaoveicular\/wp-content\/uploads\/2022\/09\/016.jpg' title=\"016\" data-rl_title=\"016\" class=\"rl-gallery-link\" data-rl_caption=\"016\" data-rel=\"lightbox-gallery-1\"><img loading=\"lazy\" decoding=\"async\" width=\"150\" height=\"150\" src=\"https:\/\/petropolisinspecao.com.br\/inspecaoveicular\/wp-content\/uploads\/2022\/09\/016-150x150.jpg\" class=\"attachment-thumbnail size-thumbnail\" alt=\"\" \/><\/a>\n\t\t\t<\/div><\/figure><figure class='gallery-item'>\n\t\t\t<div class='gallery-icon landscape'>\n\t\t\t\t<a href='https:\/\/petropolisinspecao.com.br\/inspecaoveicular\/wp-content\/uploads\/2022\/09\/013.jpg' title=\"013\" data-rl_title=\"013\" class=\"rl-gallery-link\" data-rl_caption=\"013\" data-rel=\"lightbox-gallery-1\"><img loading=\"lazy\" decoding=\"async\" width=\"150\" height=\"150\" src=\"https:\/\/petropolisinspecao.com.br\/inspecaoveicular\/wp-content\/uploads\/2022\/09\/013-150x150.jpg\" class=\"attachment-thumbnail size-thumbnail\" alt=\"\" \/><\/a>\n\t\t\t<\/div><\/figure><figure class='gallery-item'>\n\t\t\t<div class='gallery-icon portrait'>\n\t\t\t\t<a href='https:\/\/petropolisinspecao.com.br\/inspecaoveicular\/wp-content\/uploads\/2022\/09\/000.jpg' title=\"PETR\u00d3POLIS INSPE\u00c7\u00c3O VEICULAR\" data-rl_title=\"PETR\u00d3POLIS INSPE\u00c7\u00c3O VEICULAR\" class=\"rl-gallery-link\" data-rl_caption=\"PETR\u00d3POLIS INSPE\u00c7\u00c3O VEICULAR\" data-rel=\"lightbox-gallery-1\"><img loading=\"lazy\" decoding=\"async\" width=\"150\" height=\"150\" src=\"https:\/\/petropolisinspecao.com.br\/inspecaoveicular\/wp-content\/uploads\/2022\/09\/000-150x150.jpg\" class=\"attachment-thumbnail size-thumbnail\" alt=\"PETR\u00d3POLIS INSPE\u00c7\u00c3O VEICULAR\" \/><\/a>\n\t\t\t<\/div><\/figure><figure class='gallery-item'>\n\t\t\t<div class='gallery-icon landscape'>\n\t\t\t\t<a href='https:\/\/petropolisinspecao.com.br\/inspecaoveicular\/wp-content\/uploads\/2022\/09\/0001.jpg' title=\"PETR\u00d3POLIS INSPE\u00c7\u00c3O VEICULAR\" data-rl_title=\"PETR\u00d3POLIS INSPE\u00c7\u00c3O VEICULAR\" class=\"rl-gallery-link\" data-rl_caption=\"PETR\u00d3POLIS INSPE\u00c7\u00c3O VEICULAR\" data-rel=\"lightbox-gallery-1\"><img loading=\"lazy\" decoding=\"async\" width=\"150\" height=\"150\" src=\"https:\/\/petropolisinspecao.com.br\/inspecaoveicular\/wp-content\/uploads\/2022\/09\/0001-150x150.jpg\" class=\"attachment-thumbnail size-thumbnail\" alt=\"PETR\u00d3POLIS INSPE\u00c7\u00c3O VEICULAR\" \/><\/a>\n\t\t\t<\/div><\/figure><figure class='gallery-item'>\n\t\t\t<div class='gallery-icon portrait'>\n\t\t\t\t<a href='https:\/\/petropolisinspecao.com.br\/inspecaoveicular\/wp-content\/uploads\/2022\/09\/003.jpg' title=\"PETR\u00d3POLIS INSPE\u00c7\u00c3O VEICULAR\" data-rl_title=\"PETR\u00d3POLIS INSPE\u00c7\u00c3O VEICULAR\" class=\"rl-gallery-link\" data-rl_caption=\"PETR\u00d3POLIS INSPE\u00c7\u00c3O VEICULAR\" data-rel=\"lightbox-gallery-1\"><img loading=\"lazy\" decoding=\"async\" width=\"150\" height=\"150\" src=\"https:\/\/petropolisinspecao.com.br\/inspecaoveicular\/wp-content\/uploads\/2022\/09\/003-150x150.jpg\" class=\"attachment-thumbnail size-thumbnail\" alt=\"PETR\u00d3POLIS INSPE\u00c7\u00c3O VEICULAR\" \/><\/a>\n\t\t\t<\/div><\/figure><figure class='gallery-item'>\n\t\t\t<div class='gallery-icon landscape'>\n\t\t\t\t<a href='https:\/\/petropolisinspecao.com.br\/inspecaoveicular\/wp-content\/uploads\/2022\/09\/IMG-20220917-WA0018.jpg' title=\"PETR\u00d3POLIS INSPE\u00c7\u00c3O VEICULAR\" data-rl_title=\"PETR\u00d3POLIS INSPE\u00c7\u00c3O VEICULAR\" class=\"rl-gallery-link\" data-rl_caption=\"PETR\u00d3POLIS INSPE\u00c7\u00c3O VEICULAR\" data-rel=\"lightbox-gallery-1\"><img loading=\"lazy\" decoding=\"async\" width=\"150\" height=\"150\" src=\"https:\/\/petropolisinspecao.com.br\/inspecaoveicular\/wp-content\/uploads\/2022\/09\/IMG-20220917-WA0018-150x150.jpg\" class=\"attachment-thumbnail size-thumbnail\" alt=\"PETR\u00d3POLIS INSPE\u00c7\u00c3O VEICULAR\" \/><\/a>\n\t\t\t<\/div><\/figure><figure class='gallery-item'>\n\t\t\t<div class='gallery-icon landscape'>\n\t\t\t\t<a href='https:\/\/petropolisinspecao.com.br\/inspecaoveicular\/wp-content\/uploads\/2022\/09\/IMG-20220916-WA0091.jpg' title=\"PETR\u00d3POLIS INSPE\u00c7\u00c3O VEICULAR\" data-rl_title=\"PETR\u00d3POLIS INSPE\u00c7\u00c3O VEICULAR\" class=\"rl-gallery-link\" data-rl_caption=\"PETR\u00d3POLIS INSPE\u00c7\u00c3O VEICULAR\" data-rel=\"lightbox-gallery-1\"><img loading=\"lazy\" decoding=\"async\" width=\"150\" height=\"150\" src=\"https:\/\/petropolisinspecao.com.br\/inspecaoveicular\/wp-content\/uploads\/2022\/09\/IMG-20220916-WA0091-150x150.jpg\" class=\"attachment-thumbnail size-thumbnail\" alt=\"PETR\u00d3POLIS INSPE\u00c7\u00c3O VEICULAR\" \/><\/a>\n\t\t\t<\/div><\/figure><figure class='gallery-item'>\n\t\t\t<div class='gallery-icon landscape'>\n\t\t\t\t<a href='https:\/\/petropolisinspecao.com.br\/inspecaoveicular\/wp-content\/uploads\/2022\/09\/001.jpg' title=\"PETR\u00d3POLIS INSPE\u00c7\u00c3O VEICULAR\" data-rl_title=\"PETR\u00d3POLIS INSPE\u00c7\u00c3O VEICULAR\" class=\"rl-gallery-link\" data-rl_caption=\"PETR\u00d3POLIS INSPE\u00c7\u00c3O VEICULAR\" data-rel=\"lightbox-gallery-1\"><img loading=\"lazy\" decoding=\"async\" width=\"150\" height=\"150\" src=\"https:\/\/petropolisinspecao.com.br\/inspecaoveicular\/wp-content\/uploads\/2022\/09\/001-150x150.jpg\" class=\"attachment-thumbnail size-thumbnail\" alt=\"PETR\u00d3POLIS INSPE\u00c7\u00c3O VEICULAR\" \/><\/a>\n\t\t\t<\/div><\/figure><figure class='gallery-item'>\n\t\t\t<div class='gallery-icon portrait'>\n\t\t\t\t<a href='https:\/\/petropolisinspecao.com.br\/inspecaoveicular\/wp-content\/uploads\/2022\/09\/IMG-20220919-WA0008.jpg' title=\"PETR\u00d3POLIS INSPE\u00c7\u00c3O VEICULAR\" data-rl_title=\"PETR\u00d3POLIS INSPE\u00c7\u00c3O VEICULAR\" class=\"rl-gallery-link\" data-rl_caption=\"PETR\u00d3POLIS INSPE\u00c7\u00c3O VEICULAR\" data-rel=\"lightbox-gallery-1\"><img loading=\"lazy\" decoding=\"async\" width=\"150\" height=\"150\" src=\"https:\/\/petropolisinspecao.com.br\/inspecaoveicular\/wp-content\/uploads\/2022\/09\/IMG-20220919-WA0008-150x150.jpg\" class=\"attachment-thumbnail size-thumbnail\" alt=\"PETR\u00d3POLIS INSPE\u00c7\u00c3O VEICULAR\" \/><\/a>\n\t\t\t<\/div><\/figure><figure class='gallery-item'>\n\t\t\t<div class='gallery-icon landscape'>\n\t\t\t\t<a href='https:\/\/petropolisinspecao.com.br\/inspecaoveicular\/wp-content\/uploads\/2022\/09\/IMG-20220916-WA0113.jpg' title=\"PETR\u00d3POLIS INSPE\u00c7\u00c3O VEICULAR\" data-rl_title=\"PETR\u00d3POLIS INSPE\u00c7\u00c3O VEICULAR\" class=\"rl-gallery-link\" data-rl_caption=\"PETR\u00d3POLIS INSPE\u00c7\u00c3O VEICULAR\" data-rel=\"lightbox-gallery-1\"><img loading=\"lazy\" decoding=\"async\" width=\"150\" height=\"150\" src=\"https:\/\/petropolisinspecao.com.br\/inspecaoveicular\/wp-content\/uploads\/2022\/09\/IMG-20220916-WA0113-150x150.jpg\" class=\"attachment-thumbnail size-thumbnail\" alt=\"PETR\u00d3POLIS INSPE\u00c7\u00c3O VEICULAR\" srcset=\"https:\/\/petropolisinspecao.com.br\/inspecaoveicular\/wp-content\/uploads\/2022\/09\/IMG-20220916-WA0113-150x150.jpg 150w, https:\/\/petropolisinspecao.com.br\/inspecaoveicular\/wp-content\/uploads\/2022\/09\/IMG-20220916-WA0113-300x300.jpg 300w, https:\/\/petropolisinspecao.com.br\/inspecaoveicular\/wp-content\/uploads\/2022\/09\/IMG-20220916-WA0113-1024x1024.jpg 1024w, https:\/\/petropolisinspecao.com.br\/inspecaoveicular\/wp-content\/uploads\/2022\/09\/IMG-20220916-WA0113-768x768.jpg 768w, https:\/\/petropolisinspecao.com.br\/inspecaoveicular\/wp-content\/uploads\/2022\/09\/IMG-20220916-WA0113-1536x1536.jpg 1536w, https:\/\/petropolisinspecao.com.br\/inspecaoveicular\/wp-content\/uploads\/2022\/09\/IMG-20220916-WA0113-270x270.jpg 270w, https:\/\/petropolisinspecao.com.br\/inspecaoveicular\/wp-content\/uploads\/2022\/09\/IMG-20220916-WA0113.jpg 1600w\" sizes=\"auto, (max-width: 150px) 100vw, 150px\" \/><\/a>\n\t\t\t<\/div><\/figure><figure class='gallery-item'>\n\t\t\t<div class='gallery-icon portrait'>\n\t\t\t\t<a href='https:\/\/petropolisinspecao.com.br\/inspecaoveicular\/wp-content\/uploads\/2022\/09\/004.jpg' title=\"PETR\u00d3POLIS INSPE\u00c7\u00c3O VEICULAR\" data-rl_title=\"PETR\u00d3POLIS INSPE\u00c7\u00c3O VEICULAR\" class=\"rl-gallery-link\" data-rl_caption=\"PETR\u00d3POLIS INSPE\u00c7\u00c3O VEICULAR\" data-rel=\"lightbox-gallery-1\"><img loading=\"lazy\" decoding=\"async\" width=\"150\" height=\"150\" src=\"https:\/\/petropolisinspecao.com.br\/inspecaoveicular\/wp-content\/uploads\/2022\/09\/004-150x150.jpg\" class=\"attachment-thumbnail size-thumbnail\" alt=\"PETR\u00d3POLIS INSPE\u00c7\u00c3O VEICULAR\" \/><\/a>\n\t\t\t<\/div><\/figure><figure class='gallery-item'>\n\t\t\t<div class='gallery-icon landscape'>\n\t\t\t\t<a href='https:\/\/petropolisinspecao.com.br\/inspecaoveicular\/wp-content\/uploads\/2022\/09\/IMG-20220917-WA0010.jpg' title=\"PETR\u00d3POLIS INSPE\u00c7\u00c3O VEICULAR\" data-rl_title=\"PETR\u00d3POLIS INSPE\u00c7\u00c3O VEICULAR\" class=\"rl-gallery-link\" data-rl_caption=\"PETR\u00d3POLIS INSPE\u00c7\u00c3O VEICULAR\" data-rel=\"lightbox-gallery-1\"><img loading=\"lazy\" decoding=\"async\" width=\"150\" height=\"150\" src=\"https:\/\/petropolisinspecao.com.br\/inspecaoveicular\/wp-content\/uploads\/2022\/09\/IMG-20220917-WA0010-150x150.jpg\" class=\"attachment-thumbnail size-thumbnail\" alt=\"PETR\u00d3POLIS INSPE\u00c7\u00c3O VEICULAR\" \/><\/a>\n\t\t\t<\/div><\/figure><figure class='gallery-item'>\n\t\t\t<div class='gallery-icon landscape'>\n\t\t\t\t<a href='https:\/\/petropolisinspecao.com.br\/inspecaoveicular\/wp-content\/uploads\/2022\/09\/010.jpg' title=\"010\" data-rl_title=\"010\" class=\"rl-gallery-link\" data-rl_caption=\"010\" data-rel=\"lightbox-gallery-1\"><img loading=\"lazy\" decoding=\"async\" width=\"150\" height=\"150\" src=\"https:\/\/petropolisinspecao.com.br\/inspecaoveicular\/wp-content\/uploads\/2022\/09\/010-150x150.jpg\" class=\"attachment-thumbnail size-thumbnail\" alt=\"\" \/><\/a>\n\t\t\t<\/div><\/figure><figure class='gallery-item'>\n\t\t\t<div class='gallery-icon landscape'>\n\t\t\t\t<a href='https:\/\/petropolisinspecao.com.br\/inspecaoveicular\/wp-content\/uploads\/2019\/02\/015_b.jpg' title=\"PETR\u00d3POLIS INSPE\u00c7\u00c3O VEICULAR\" data-rl_title=\"PETR\u00d3POLIS INSPE\u00c7\u00c3O VEICULAR\" class=\"rl-gallery-link\" data-rl_caption=\"PETR\u00d3POLIS INSPE\u00c7\u00c3O VEICULAR\" data-rel=\"lightbox-gallery-1\"><img loading=\"lazy\" decoding=\"async\" width=\"150\" height=\"150\" src=\"https:\/\/petropolisinspecao.com.br\/inspecaoveicular\/wp-content\/uploads\/2019\/02\/015_b-150x150.jpg\" class=\"attachment-thumbnail size-thumbnail\" alt=\"PETR\u00d3POLIS INSPE\u00c7\u00c3O VEICULAR\" \/><\/a>\n\t\t\t<\/div><\/figure><figure class='gallery-item'>\n\t\t\t<div class='gallery-icon landscape'>\n\t\t\t\t<a href='https:\/\/petropolisinspecao.com.br\/inspecaoveicular\/wp-content\/uploads\/2019\/02\/001_b.jpg' title=\"PETR\u00d3POLIS INSPE\u00c7\u00c3O VEICULAR\" data-rl_title=\"PETR\u00d3POLIS INSPE\u00c7\u00c3O VEICULAR\" class=\"rl-gallery-link\" data-rl_caption=\"PETR\u00d3POLIS INSPE\u00c7\u00c3O VEICULAR\" data-rel=\"lightbox-gallery-1\"><img loading=\"lazy\" decoding=\"async\" width=\"150\" height=\"150\" src=\"https:\/\/petropolisinspecao.com.br\/inspecaoveicular\/wp-content\/uploads\/2019\/02\/001_b-150x150.jpg\" class=\"attachment-thumbnail size-thumbnail\" alt=\"PETR\u00d3POLIS INSPE\u00c7\u00c3O VEICULAR\" \/><\/a>\n\t\t\t<\/div><\/figure><figure class='gallery-item'>\n\t\t\t<div class='gallery-icon landscape'>\n\t\t\t\t<a href='https:\/\/petropolisinspecao.com.br\/inspecaoveicular\/wp-content\/uploads\/2019\/02\/003_b.jpg' title=\"PETR\u00d3POLIS INSPE\u00c7\u00c3O VEICULAR\" data-rl_title=\"PETR\u00d3POLIS INSPE\u00c7\u00c3O VEICULAR\" class=\"rl-gallery-link\" data-rl_caption=\"PETR\u00d3POLIS INSPE\u00c7\u00c3O VEICULAR\" data-rel=\"lightbox-gallery-1\"><img loading=\"lazy\" decoding=\"async\" width=\"150\" height=\"150\" src=\"https:\/\/petropolisinspecao.com.br\/inspecaoveicular\/wp-content\/uploads\/2019\/02\/003_b-150x150.jpg\" class=\"attachment-thumbnail size-thumbnail\" alt=\"PETR\u00d3POLIS INSPE\u00c7\u00c3O VEICULAR\" \/><\/a>\n\t\t\t<\/div><\/figure><figure class='gallery-item'>\n\t\t\t<div class='gallery-icon landscape'>\n\t\t\t\t<a href='https:\/\/petropolisinspecao.com.br\/inspecaoveicular\/wp-content\/uploads\/2022\/09\/011.jpg' title=\"011\" data-rl_title=\"011\" class=\"rl-gallery-link\" data-rl_caption=\"011\" data-rel=\"lightbox-gallery-1\"><img loading=\"lazy\" decoding=\"async\" width=\"150\" height=\"150\" src=\"https:\/\/petropolisinspecao.com.br\/inspecaoveicular\/wp-content\/uploads\/2022\/09\/011-150x150.jpg\" class=\"attachment-thumbnail size-thumbnail\" alt=\"\" \/><\/a>\n\t\t\t<\/div><\/figure><figure class='gallery-item'>\n\t\t\t<div class='gallery-icon landscape'>\n\t\t\t\t<a href='https:\/\/petropolisinspecao.com.br\/inspecaoveicular\/wp-content\/uploads\/2019\/02\/004_b.jpg' title=\"PETR\u00d3POLIS INSPE\u00c7\u00c3O VEICULAR\" data-rl_title=\"PETR\u00d3POLIS INSPE\u00c7\u00c3O VEICULAR\" class=\"rl-gallery-link\" data-rl_caption=\"PETR\u00d3POLIS INSPE\u00c7\u00c3O VEICULAR\" data-rel=\"lightbox-gallery-1\"><img loading=\"lazy\" decoding=\"async\" width=\"150\" height=\"150\" src=\"https:\/\/petropolisinspecao.com.br\/inspecaoveicular\/wp-content\/uploads\/2019\/02\/004_b-150x150.jpg\" class=\"attachment-thumbnail size-thumbnail\" alt=\"PETR\u00d3POLIS INSPE\u00c7\u00c3O VEICULAR\" \/><\/a>\n\t\t\t<\/div><\/figure><figure class='gallery-item'>\n\t\t\t<div class='gallery-icon landscape'>\n\t\t\t\t<a href='https:\/\/petropolisinspecao.com.br\/inspecaoveicular\/wp-content\/uploads\/2019\/02\/011_b.jpg' title=\"PETR\u00d3POLIS INSPE\u00c7\u00c3O VEICULAR\" data-rl_title=\"PETR\u00d3POLIS INSPE\u00c7\u00c3O VEICULAR\" class=\"rl-gallery-link\" data-rl_caption=\"PETR\u00d3POLIS INSPE\u00c7\u00c3O VEICULAR\" data-rel=\"lightbox-gallery-1\"><img loading=\"lazy\" decoding=\"async\" width=\"150\" height=\"150\" src=\"https:\/\/petropolisinspecao.com.br\/inspecaoveicular\/wp-content\/uploads\/2019\/02\/011_b-150x150.jpg\" class=\"attachment-thumbnail size-thumbnail\" alt=\"PETR\u00d3POLIS INSPE\u00c7\u00c3O VEICULAR\" \/><\/a>\n\t\t\t<\/div><\/figure><figure class='gallery-item'>\n\t\t\t<div class='gallery-icon landscape'>\n\t\t\t\t<a href='https:\/\/petropolisinspecao.com.br\/inspecaoveicular\/wp-content\/uploads\/2019\/02\/016_b-1.jpg' title=\"PETR\u00d3POLIS INSPE\u00c7\u00c3O VEICULAR\" data-rl_title=\"PETR\u00d3POLIS INSPE\u00c7\u00c3O VEICULAR\" class=\"rl-gallery-link\" data-rl_caption=\"PETR\u00d3POLIS INSPE\u00c7\u00c3O VEICULAR\" data-rel=\"lightbox-gallery-1\"><img loading=\"lazy\" decoding=\"async\" width=\"150\" height=\"150\" src=\"https:\/\/petropolisinspecao.com.br\/inspecaoveicular\/wp-content\/uploads\/2019\/02\/016_b-1-150x150.jpg\" class=\"attachment-thumbnail size-thumbnail\" alt=\"PETR\u00d3POLIS INSPE\u00c7\u00c3O VEICULAR\" \/><\/a>\n\t\t\t<\/div><\/figure><figure class='gallery-item'>\n\t\t\t<div class='gallery-icon landscape'>\n\t\t\t\t<a href='https:\/\/petropolisinspecao.com.br\/inspecaoveicular\/wp-content\/uploads\/2019\/02\/013_b.jpg' title=\"PETR\u00d3POLIS INSPE\u00c7\u00c3O VEICULAR\" data-rl_title=\"PETR\u00d3POLIS INSPE\u00c7\u00c3O VEICULAR\" class=\"rl-gallery-link\" data-rl_caption=\"PETR\u00d3POLIS INSPE\u00c7\u00c3O VEICULAR\" data-rel=\"lightbox-gallery-1\"><img loading=\"lazy\" decoding=\"async\" width=\"150\" height=\"150\" src=\"https:\/\/petropolisinspecao.com.br\/inspecaoveicular\/wp-content\/uploads\/2019\/02\/013_b-150x150.jpg\" class=\"attachment-thumbnail size-thumbnail\" alt=\"PETR\u00d3POLIS INSPE\u00c7\u00c3O VEICULAR\" \/><\/a>\n\t\t\t<\/div><\/figure><figure class='gallery-item'>\n\t\t\t<div class='gallery-icon landscape'>\n\t\t\t\t<a href='https:\/\/petropolisinspecao.com.br\/inspecaoveicular\/wp-content\/uploads\/2019\/02\/002_b.jpg' title=\"PETR\u00d3POLIS INSPE\u00c7\u00c3O VEICULAR\" data-rl_title=\"PETR\u00d3POLIS INSPE\u00c7\u00c3O VEICULAR\" class=\"rl-gallery-link\" data-rl_caption=\"PETR\u00d3POLIS INSPE\u00c7\u00c3O VEICULAR\" data-rel=\"lightbox-gallery-1\"><img loading=\"lazy\" decoding=\"async\" width=\"150\" height=\"150\" src=\"https:\/\/petropolisinspecao.com.br\/inspecaoveicular\/wp-content\/uploads\/2019\/02\/002_b-150x150.jpg\" class=\"attachment-thumbnail size-thumbnail\" alt=\"PETR\u00d3POLIS INSPE\u00c7\u00c3O VEICULAR\" \/><\/a>\n\t\t\t<\/div><\/figure><figure class='gallery-item'>\n\t\t\t<div class='gallery-icon landscape'>\n\t\t\t\t<a href='https:\/\/petropolisinspecao.com.br\/inspecaoveicular\/wp-content\/uploads\/2019\/02\/014_b.jpg' title=\"PETR\u00d3POLIS INSPE\u00c7\u00c3O VEICULAR\" data-rl_title=\"PETR\u00d3POLIS INSPE\u00c7\u00c3O VEICULAR\" class=\"rl-gallery-link\" data-rl_caption=\"PETR\u00d3POLIS INSPE\u00c7\u00c3O VEICULAR\" data-rel=\"lightbox-gallery-1\"><img loading=\"lazy\" decoding=\"async\" width=\"150\" height=\"150\" src=\"https:\/\/petropolisinspecao.com.br\/inspecaoveicular\/wp-content\/uploads\/2019\/02\/014_b-150x150.jpg\" class=\"attachment-thumbnail size-thumbnail\" alt=\"PETR\u00d3POLIS INSPE\u00c7\u00c3O VEICULAR\" \/><\/a>\n\t\t\t<\/div><\/figure>\n\t\t<\/div>\n\n<p><img loading=\"lazy\" decoding=\"async\" class=\"aligncenter size-full wp-image-195\" src=\"https:\/\/petropolisinspecao.com.br\/inspecaoveicular\/wp-content\/uploads\/2019\/02\/21.png\" alt=\"\" width=\"820\" height=\"270\" srcset=\"https:\/\/petropolisinspecao.com.br\/inspecaoveicular\/wp-content\/uploads\/2019\/02\/21.png 820w, https:\/\/petropolisinspecao.com.br\/inspecaoveicular\/wp-content\/uploads\/2019\/02\/21-300x99.png 300w, https:\/\/petropolisinspecao.com.br\/inspecaoveicular\/wp-content\/uploads\/2019\/02\/21-768x253.png 768w, https:\/\/petropolisinspecao.com.br\/inspecaoveicular\/wp-content\/uploads\/2019\/02\/21-360x119.png 360w\" sizes=\"auto, (max-width: 820px) 100vw, 820px\" \/><\/p>\n<p>&nbsp;<\/p>\n<p>&nbsp;<\/p>\n","protected":false},"excerpt":{"rendered":"<p>Sobre a PETR\u00d3POLIS INSPE\u00c7\u00c3O VEICULAR Sediada em Petr\u00f3polis, a PETR\u00d3POLIS INSPE\u00c7\u00c3O VEICULAR \u00e9 uma empresa Acreditada pela Coordena\u00e7\u00e3o Geral de Acredita\u00e7\u00e3o CGCRE, e licenciada para atuar como uma ITL \u2013 Institui\u00e7\u00e3o T\u00e9cnica Licenciada pelo Departamento Nacional de Tr\u00e2nsito \u2013 DENATRAN.&hellip;&nbsp;<a href=\"https:\/\/petropolisinspecao.com.br\/inspecaoveicular\/sobre-a-empresa\/\" class=\"more-link\">Saiba Mais<\/a><\/p>\n","protected":false},"author":1,"featured_media":0,"parent":0,"menu_order":0,"comment_status":"closed","ping_status":"closed","template":"","meta":{"footnotes":"","_links_to":"","_links_to_target":""},"class_list":["post-58","page","type-page","status-publish","hentry"],"_links":{"self":[{"href":"https:\/\/petropolisinspecao.com.br\/inspecaoveicular\/wp-json\/wp\/v2\/pages\/58","targetHints":{"allow":["GET"]}}],"collection":[{"href":"https:\/\/petropolisinspecao.com.br\/inspecaoveicular\/wp-json\/wp\/v2\/pages"}],"about":[{"href":"https:\/\/petropolisinspecao.com.br\/inspecaoveicular\/wp-json\/wp\/v2\/types\/page"}],"author":[{"embeddable":true,"href":"https:\/\/petropolisinspecao.com.br\/inspecaoveicular\/wp-json\/wp\/v2\/users\/1"}],"replies":[{"embeddable":true,"href":"https:\/\/petropolisinspecao.com.br\/inspecaoveicular\/wp-json\/wp\/v2\/comments?post=58"}],"version-history":[{"count":11,"href":"https:\/\/petropolisinspecao.com.br\/inspecaoveicular\/wp-json\/wp\/v2\/pages\/58\/revisions"}],"predecessor-version":[{"id":451,"href":"https:\/\/petropolisinspecao.com.br\/inspecaoveicular\/wp-json\/wp\/v2\/pages\/58\/revisions\/451"}],"wp:attachment":[{"href":"https:\/\/petropolisinspecao.com.br\/inspecaoveicular\/wp-json\/wp\/v2\/media?parent=58"}],"curies":[{"name":"wp","href":"https:\/\/api.w.org\/{rel}","templated":true}]}}