{"id":62,"date":"2019-02-01T18:48:42","date_gmt":"2019-02-01T20:48:42","guid":{"rendered":"https:\/\/petropolisinspecao.com.br\/inspecaoveicular\/?page_id=62"},"modified":"2019-09-16T15:11:25","modified_gmt":"2019-09-16T18:11:25","slug":"nossas-acreditacoes","status":"publish","type":"page","link":"https:\/\/petropolisinspecao.com.br\/inspecaoveicular\/nossas-acreditacoes\/","title":{"rendered":"Nossas Acredita\u00e7\u00f5es"},"content":{"rendered":"<h3>Acredita\u00e7\u00e3o da Coordena\u00e7\u00e3o Geral de Acredita\u00e7\u00e3o do INMETRO e Denatran:<\/h3>\n<p>A <strong>PETR\u00d3POLIS INSPE\u00c7\u00c3O VEICULAR <\/strong>\u00e9 uma empresa Acreditada pela Coordena\u00e7\u00e3o Geral de Acredita\u00e7\u00e3o <strong>CGCRE<\/strong>, e licenciada para atuar como uma ITL \u2013 <strong>Institui\u00e7\u00e3o T\u00e9cnica Licenciada<\/strong> pelo Departamento Nacional de Tr\u00e2nsito \u2013 <strong>DENATRAN<\/strong>.<\/p>\n<hr \/>\n<p><a href=\"http:\/\/www.inmetro.gov.br\/organismos\/detalhe.asp\">N\u00famero OIA-SV-0462<\/a><br \/>\nOrganismo Petr\u00f3polis Inspe\u00e7\u00e3o Veicular Ltda. &#8211; ME.<br \/>\nCNPJ 11.887.590\/0001-32<\/p>\n<hr \/>\n<p><img loading=\"lazy\" decoding=\"async\" class=\"aligncenter wp-image-328 size-full\" src=\"https:\/\/petropolisinspecao.com.br\/inspecaoveicular\/wp-content\/uploads\/2019\/02\/acreditacao2.jpg\" alt=\"PETR\u00d3POLIS INSPE\u00c7\u00c3O VEICULAR ACREDITA INMETRO E DENATRAM\" width=\"634\" height=\"175\" srcset=\"https:\/\/petropolisinspecao.com.br\/inspecaoveicular\/wp-content\/uploads\/2019\/02\/acreditacao2.jpg 634w, https:\/\/petropolisinspecao.com.br\/inspecaoveicular\/wp-content\/uploads\/2019\/02\/acreditacao2-300x83.jpg 300w, https:\/\/petropolisinspecao.com.br\/inspecaoveicular\/wp-content\/uploads\/2019\/02\/acreditacao2-360x99.jpg 360w\" sizes=\"auto, (max-width: 634px) 100vw, 634px\" \/><\/p>\n","protected":false},"excerpt":{"rendered":"<p>Acredita\u00e7\u00e3o da Coordena\u00e7\u00e3o Geral de Acredita\u00e7\u00e3o do INMETRO e Denatran: A PETR\u00d3POLIS INSPE\u00c7\u00c3O VEICULAR \u00e9 uma empresa Acreditada pela Coordena\u00e7\u00e3o Geral de Acredita\u00e7\u00e3o CGCRE, e licenciada para atuar como uma ITL \u2013 Institui\u00e7\u00e3o T\u00e9cnica Licenciada pelo Departamento Nacional de Tr\u00e2nsito&hellip;&nbsp;<a href=\"https:\/\/petropolisinspecao.com.br\/inspecaoveicular\/nossas-acreditacoes\/\" class=\"more-link\">Saiba Mais<\/a><\/p>\n","protected":false},"author":1,"featured_media":0,"parent":0,"menu_order":0,"comment_status":"closed","ping_status":"closed","template":"","meta":{"footnotes":"","_links_to":"","_links_to_target":""},"class_list":["post-62","page","type-page","status-publish","hentry"],"_links":{"self":[{"href":"https:\/\/petropolisinspecao.com.br\/inspecaoveicular\/wp-json\/wp\/v2\/pages\/62","targetHints":{"allow":["GET"]}}],"collection":[{"href":"https:\/\/petropolisinspecao.com.br\/inspecaoveicular\/wp-json\/wp\/v2\/pages"}],"about":[{"href":"https:\/\/petropolisinspecao.com.br\/inspecaoveicular\/wp-json\/wp\/v2\/types\/page"}],"author":[{"embeddable":true,"href":"https:\/\/petropolisinspecao.com.br\/inspecaoveicular\/wp-json\/wp\/v2\/users\/1"}],"replies":[{"embeddable":true,"href":"https:\/\/petropolisinspecao.com.br\/inspecaoveicular\/wp-json\/wp\/v2\/comments?post=62"}],"version-history":[{"count":5,"href":"https:\/\/petropolisinspecao.com.br\/inspecaoveicular\/wp-json\/wp\/v2\/pages\/62\/revisions"}],"predecessor-version":[{"id":376,"href":"https:\/\/petropolisinspecao.com.br\/inspecaoveicular\/wp-json\/wp\/v2\/pages\/62\/revisions\/376"}],"wp:attachment":[{"href":"https:\/\/petropolisinspecao.com.br\/inspecaoveicular\/wp-json\/wp\/v2\/media?parent=62"}],"curies":[{"name":"wp","href":"https:\/\/api.w.org\/{rel}","templated":true}]}}